{"id":7583,"date":"2023-04-20T11:52:25","date_gmt":"2023-04-20T09:52:25","guid":{"rendered":"https:\/\/on-a-wall.com\/?post_type=product&#038;p=7583"},"modified":"2023-06-05T13:03:19","modified_gmt":"2023-06-05T11:03:19","slug":"zegar-model-nr-14","status":"publish","type":"product","link":"https:\/\/on-a-wall.com\/en\/product\/zegar-model-nr-14\/","title":{"rendered":"Clock Model No. 14"},"content":{"rendered":"<p>Clocks made of unbreakable mirror acrylic (gold, silver) or black (shiny plexiglass). It is much lighter compared to a classic mirror.<\/p>\n<p><strong>Product Details:<\/strong><\/p>\n<ul>\n<li>Materials: Mirror acrylic\/plexiglass<\/li>\n<li>Quartz movement, floating, noiseless<\/li>\n<li>Dial thickness: 3mm<\/li>\n<li>Hands :metal<\/li>\n<li>Power: AA battery (not included)<\/li>\n<\/ul>\n<p><strong>Realization time:<\/strong><br \/>\nThe clock is made to order, and the delivery time is 7-10 working days from purchase.<\/p>","protected":false},"excerpt":{"rendered":"<p>Clocks made of unbreakable mirror acrylic (gold, silver) or black (shiny plexiglass). It is much lighter compared to a classic mirror.<\/p>","protected":false},"featured_media":7590,"template":"","meta":{"_acf_changed":false},"product_brand":[],"product_cat":[33],"product_tag":[],"class_list":{"0":"post-7583","1":"product","2":"type-product","3":"status-publish","4":"has-post-thumbnail","6":"product_cat-zegary","8":"first","9":"instock","10":"taxable","11":"shipping-taxable","12":"purchasable","13":"product-type-variable"},"acf":[],"yoast_head":"<!-- This site is optimized with the Yoast SEO plugin v26.8 - https:\/\/yoast.com\/product\/yoast-seo-wordpress\/ -->\n<title>Zegar model nr 14 - On A Wall - Na \u015acian\u0119<\/title>\n<meta name=\"robots\" content=\"index, follow, max-snippet:-1, max-image-preview:large, max-video-preview:-1\" \/>\n<link rel=\"canonical\" href=\"https:\/\/on-a-wall.com\/en\/product\/zegar-model-nr-14\/\" \/>\n<meta property=\"og:locale\" content=\"en_US\" \/>\n<meta property=\"og:type\" content=\"article\" \/>\n<meta property=\"og:title\" content=\"Zegar model nr 14 - On A Wall - Na \u015acian\u0119\" \/>\n<meta property=\"og:description\" content=\"Zegary wykonane z niet\u0142uk\u0105cego akrylu lustrzanego (z\u0142oty, srebrny) lub czarny (pleksi b\u0142yszcz\u0105ce). Jest znacznie l\u017cejsze w por\u00f3wnaniu do klasycznego lustra.\" \/>\n<meta property=\"og:url\" content=\"https:\/\/on-a-wall.com\/en\/product\/zegar-model-nr-14\/\" \/>\n<meta property=\"og:site_name\" content=\"On A Wall - Na \u015acian\u0119\" \/>\n<meta property=\"article:modified_time\" content=\"2023-06-05T11:03:19+00:00\" \/>\n<meta property=\"og:image\" content=\"https:\/\/on-a-wall.com\/wp-content\/uploads\/2023\/04\/DSC_5208-kopia.jpg\" \/>\n\t<meta property=\"og:image:width\" content=\"1280\" \/>\n\t<meta property=\"og:image:height\" content=\"854\" \/>\n\t<meta property=\"og:image:type\" content=\"image\/jpeg\" \/>\n<meta name=\"twitter:card\" content=\"summary_large_image\" \/>\n<meta name=\"twitter:label1\" content=\"Est. reading time\" \/>\n\t<meta name=\"twitter:data1\" content=\"1 minute\" \/>\n<script type=\"application\/ld+json\" class=\"yoast-schema-graph\">{\"@context\":\"https:\/\/schema.org\",\"@graph\":[{\"@type\":\"WebPage\",\"@id\":\"https:\/\/on-a-wall.com\/produkt\/zegar-model-nr-14\/\",\"url\":\"https:\/\/on-a-wall.com\/produkt\/zegar-model-nr-14\/\",\"name\":\"Zegar model nr 14 - On A Wall - Na \u015acian\u0119\",\"isPartOf\":{\"@id\":\"https:\/\/on-a-wall.com\/#website\"},\"primaryImageOfPage\":{\"@id\":\"https:\/\/on-a-wall.com\/produkt\/zegar-model-nr-14\/#primaryimage\"},\"image\":{\"@id\":\"https:\/\/on-a-wall.com\/produkt\/zegar-model-nr-14\/#primaryimage\"},\"thumbnailUrl\":\"https:\/\/on-a-wall.com\/wp-content\/uploads\/2023\/04\/DSC_5208-kopia.jpg\",\"datePublished\":\"2023-04-20T09:52:25+00:00\",\"dateModified\":\"2023-06-05T11:03:19+00:00\",\"breadcrumb\":{\"@id\":\"https:\/\/on-a-wall.com\/produkt\/zegar-model-nr-14\/#breadcrumb\"},\"inLanguage\":\"en-US\",\"potentialAction\":[{\"@type\":\"ReadAction\",\"target\":[\"https:\/\/on-a-wall.com\/produkt\/zegar-model-nr-14\/\"]}]},{\"@type\":\"ImageObject\",\"inLanguage\":\"en-US\",\"@id\":\"https:\/\/on-a-wall.com\/produkt\/zegar-model-nr-14\/#primaryimage\",\"url\":\"https:\/\/on-a-wall.com\/wp-content\/uploads\/2023\/04\/DSC_5208-kopia.jpg\",\"contentUrl\":\"https:\/\/on-a-wall.com\/wp-content\/uploads\/2023\/04\/DSC_5208-kopia.jpg\",\"width\":1280,\"height\":854},{\"@type\":\"BreadcrumbList\",\"@id\":\"https:\/\/on-a-wall.com\/produkt\/zegar-model-nr-14\/#breadcrumb\",\"itemListElement\":[{\"@type\":\"ListItem\",\"position\":1,\"name\":\"Strona g\u0142\u00f3wna\",\"item\":\"https:\/\/on-a-wall.com\/\"},{\"@type\":\"ListItem\",\"position\":2,\"name\":\"Sklep\",\"item\":\"https:\/\/on-a-wall.com\/sklep\/\"},{\"@type\":\"ListItem\",\"position\":3,\"name\":\"Zegar model nr 14\"}]},{\"@type\":\"WebSite\",\"@id\":\"https:\/\/on-a-wall.com\/#website\",\"url\":\"https:\/\/on-a-wall.com\/\",\"name\":\"On A Wall - Na \u015acian\u0119\",\"description\":\"\",\"potentialAction\":[{\"@type\":\"SearchAction\",\"target\":{\"@type\":\"EntryPoint\",\"urlTemplate\":\"https:\/\/on-a-wall.com\/?s={search_term_string}\"},\"query-input\":{\"@type\":\"PropertyValueSpecification\",\"valueRequired\":true,\"valueName\":\"search_term_string\"}}],\"inLanguage\":\"en-US\"}]}<\/script>\n<!-- \/ Yoast SEO plugin. -->","yoast_head_json":{"title":"Zegar model nr 14 - On A Wall - Na \u015acian\u0119","robots":{"index":"index","follow":"follow","max-snippet":"max-snippet:-1","max-image-preview":"max-image-preview:large","max-video-preview":"max-video-preview:-1"},"canonical":"https:\/\/on-a-wall.com\/en\/product\/zegar-model-nr-14\/","og_locale":"en_US","og_type":"article","og_title":"Zegar model nr 14 - On A Wall - Na \u015acian\u0119","og_description":"Zegary wykonane z niet\u0142uk\u0105cego akrylu lustrzanego (z\u0142oty, srebrny) lub czarny (pleksi b\u0142yszcz\u0105ce). Jest znacznie l\u017cejsze w por\u00f3wnaniu do klasycznego lustra.","og_url":"https:\/\/on-a-wall.com\/en\/product\/zegar-model-nr-14\/","og_site_name":"On A Wall - Na \u015acian\u0119","article_modified_time":"2023-06-05T11:03:19+00:00","og_image":[{"width":1280,"height":854,"url":"https:\/\/on-a-wall.com\/wp-content\/uploads\/2023\/04\/DSC_5208-kopia.jpg","type":"image\/jpeg"}],"twitter_card":"summary_large_image","twitter_misc":{"Est. reading time":"1 minute"},"schema":{"@context":"https:\/\/schema.org","@graph":[{"@type":"WebPage","@id":"https:\/\/on-a-wall.com\/produkt\/zegar-model-nr-14\/","url":"https:\/\/on-a-wall.com\/produkt\/zegar-model-nr-14\/","name":"Zegar model nr 14 - On A Wall - Na \u015acian\u0119","isPartOf":{"@id":"https:\/\/on-a-wall.com\/#website"},"primaryImageOfPage":{"@id":"https:\/\/on-a-wall.com\/produkt\/zegar-model-nr-14\/#primaryimage"},"image":{"@id":"https:\/\/on-a-wall.com\/produkt\/zegar-model-nr-14\/#primaryimage"},"thumbnailUrl":"https:\/\/on-a-wall.com\/wp-content\/uploads\/2023\/04\/DSC_5208-kopia.jpg","datePublished":"2023-04-20T09:52:25+00:00","dateModified":"2023-06-05T11:03:19+00:00","breadcrumb":{"@id":"https:\/\/on-a-wall.com\/produkt\/zegar-model-nr-14\/#breadcrumb"},"inLanguage":"en-US","potentialAction":[{"@type":"ReadAction","target":["https:\/\/on-a-wall.com\/produkt\/zegar-model-nr-14\/"]}]},{"@type":"ImageObject","inLanguage":"en-US","@id":"https:\/\/on-a-wall.com\/produkt\/zegar-model-nr-14\/#primaryimage","url":"https:\/\/on-a-wall.com\/wp-content\/uploads\/2023\/04\/DSC_5208-kopia.jpg","contentUrl":"https:\/\/on-a-wall.com\/wp-content\/uploads\/2023\/04\/DSC_5208-kopia.jpg","width":1280,"height":854},{"@type":"BreadcrumbList","@id":"https:\/\/on-a-wall.com\/produkt\/zegar-model-nr-14\/#breadcrumb","itemListElement":[{"@type":"ListItem","position":1,"name":"Strona g\u0142\u00f3wna","item":"https:\/\/on-a-wall.com\/"},{"@type":"ListItem","position":2,"name":"Sklep","item":"https:\/\/on-a-wall.com\/sklep\/"},{"@type":"ListItem","position":3,"name":"Zegar model nr 14"}]},{"@type":"WebSite","@id":"https:\/\/on-a-wall.com\/#website","url":"https:\/\/on-a-wall.com\/","name":"On A Wall - Na \u015acian\u0119","description":"","potentialAction":[{"@type":"SearchAction","target":{"@type":"EntryPoint","urlTemplate":"https:\/\/on-a-wall.com\/?s={search_term_string}"},"query-input":{"@type":"PropertyValueSpecification","valueRequired":true,"valueName":"search_term_string"}}],"inLanguage":"en-US"}]}},"_links":{"self":[{"href":"https:\/\/on-a-wall.com\/en\/wp-json\/wp\/v2\/product\/7583","targetHints":{"allow":["GET"]}}],"collection":[{"href":"https:\/\/on-a-wall.com\/en\/wp-json\/wp\/v2\/product"}],"about":[{"href":"https:\/\/on-a-wall.com\/en\/wp-json\/wp\/v2\/types\/product"}],"wp:featuredmedia":[{"embeddable":true,"href":"https:\/\/on-a-wall.com\/en\/wp-json\/wp\/v2\/media\/7590"}],"wp:attachment":[{"href":"https:\/\/on-a-wall.com\/en\/wp-json\/wp\/v2\/media?parent=7583"}],"wp:term":[{"taxonomy":"product_brand","embeddable":true,"href":"https:\/\/on-a-wall.com\/en\/wp-json\/wp\/v2\/product_brand?post=7583"},{"taxonomy":"product_cat","embeddable":true,"href":"https:\/\/on-a-wall.com\/en\/wp-json\/wp\/v2\/product_cat?post=7583"},{"taxonomy":"product_tag","embeddable":true,"href":"https:\/\/on-a-wall.com\/en\/wp-json\/wp\/v2\/product_tag?post=7583"}],"curies":[{"name":"wp","href":"https:\/\/api.w.org\/{rel}","templated":true}]}}