{"id":7490,"date":"2023-04-20T08:57:28","date_gmt":"2023-04-20T06:57:28","guid":{"rendered":"https:\/\/on-a-wall.com\/?post_type=product&#038;p=7490"},"modified":"2023-06-05T13:20:31","modified_gmt":"2023-06-05T11:20:31","slug":"zlote-logo-twojej-firmy","status":"publish","type":"product","link":"https:\/\/on-a-wall.com\/en\/product\/zlote-logo-twojej-firmy\/","title":{"rendered":"Your company logo in gold"},"content":{"rendered":"<p class=\"translation-block\">Zam\u00f3w wyj\u0105tkowe lustrzane z\u0142ote logo z nazw\u0105 Twojej firmy. Wystarczy, \u017ce prze\u015blesz nam na <a href=\"mailto:sklep@on-a-wall.com\" target=\"_self\">sklep@on-a-wall.com<\/a> plik swojego logo, a my stworzymy dla Ciebie wyj\u0105tkow\u0105 plansz\u0119, kt\u00f3ra ozdobi \u015bcian\u0119 twojego biura\/gabinetu.<\/p>\n<p>If you don't have a logotype yet - that's okay - our graphiv designer will create it for you. The one-time cost of making such a logotype is PLN 60.<\/p>\n<p>The finished image is light<\/p>\n<p>Tesa Velcro patches or double-sided tape (not included) are best for hanging.<\/p>\n<p>It is possible to make the product vertically. Ultimately, it is performed hirizontally.<\/p>","protected":false},"excerpt":{"rendered":"<p>Zam\u00f3w wyj\u0105tkowe lustrzane z\u0142ote logo z nazw\u0105 Twojej firmy. Wystarczy, \u017ce prze\u015blesz nam na sklep@on-a-wall.com plik swojego logo, a my<\/p>","protected":false},"featured_media":7504,"template":"","meta":{"_acf_changed":false},"product_brand":[],"product_cat":[82,81],"product_tag":[],"class_list":{"0":"post-7490","1":"product","2":"type-product","3":"status-publish","4":"has-post-thumbnail","6":"product_cat-indywidualne","7":"product_cat-logo","9":"first","10":"instock","11":"taxable","12":"shipping-taxable","13":"purchasable","14":"product-type-variable"},"acf":[],"yoast_head":"<!-- This site is optimized with the Yoast SEO plugin v26.8 - https:\/\/yoast.com\/product\/yoast-seo-wordpress\/ -->\n<title>Z\u0142ote logo twojej firmy - On A Wall - Na \u015acian\u0119<\/title>\n<meta name=\"robots\" content=\"index, follow, max-snippet:-1, max-image-preview:large, max-video-preview:-1\" \/>\n<link rel=\"canonical\" href=\"https:\/\/on-a-wall.com\/en\/product\/zlote-logo-twojej-firmy\/\" \/>\n<meta property=\"og:locale\" content=\"en_US\" \/>\n<meta property=\"og:type\" content=\"article\" \/>\n<meta property=\"og:title\" content=\"Z\u0142ote logo twojej firmy - On A Wall - Na \u015acian\u0119\" \/>\n<meta property=\"og:description\" content=\"Zam\u00f3w wyj\u0105tkowe lustrzane z\u0142ote logo z nazw\u0105 Twojej firmy. Wystarczy, \u017ce prze\u015blesz nam na sklep@on-a-wall.com plik swojego logo, a my\" \/>\n<meta property=\"og:url\" content=\"https:\/\/on-a-wall.com\/en\/product\/zlote-logo-twojej-firmy\/\" \/>\n<meta property=\"og:site_name\" content=\"On A Wall - Na \u015acian\u0119\" \/>\n<meta property=\"article:modified_time\" content=\"2023-06-05T11:20:31+00:00\" \/>\n<meta property=\"og:image\" content=\"https:\/\/on-a-wall.com\/wp-content\/uploads\/2023\/04\/logo2.jpg\" \/>\n\t<meta property=\"og:image:width\" content=\"1280\" \/>\n\t<meta property=\"og:image:height\" content=\"854\" \/>\n\t<meta property=\"og:image:type\" content=\"image\/jpeg\" \/>\n<meta name=\"twitter:card\" content=\"summary_large_image\" \/>\n<meta name=\"twitter:label1\" content=\"Est. reading time\" \/>\n\t<meta name=\"twitter:data1\" content=\"1 minute\" \/>\n<script type=\"application\/ld+json\" class=\"yoast-schema-graph\">{\"@context\":\"https:\/\/schema.org\",\"@graph\":[{\"@type\":\"WebPage\",\"@id\":\"https:\/\/on-a-wall.com\/produkt\/zlote-logo-twojej-firmy\/\",\"url\":\"https:\/\/on-a-wall.com\/produkt\/zlote-logo-twojej-firmy\/\",\"name\":\"Z\u0142ote logo twojej firmy - On A Wall - Na \u015acian\u0119\",\"isPartOf\":{\"@id\":\"https:\/\/on-a-wall.com\/#website\"},\"primaryImageOfPage\":{\"@id\":\"https:\/\/on-a-wall.com\/produkt\/zlote-logo-twojej-firmy\/#primaryimage\"},\"image\":{\"@id\":\"https:\/\/on-a-wall.com\/produkt\/zlote-logo-twojej-firmy\/#primaryimage\"},\"thumbnailUrl\":\"https:\/\/on-a-wall.com\/wp-content\/uploads\/2023\/04\/logo2.jpg\",\"datePublished\":\"2023-04-20T06:57:28+00:00\",\"dateModified\":\"2023-06-05T11:20:31+00:00\",\"breadcrumb\":{\"@id\":\"https:\/\/on-a-wall.com\/produkt\/zlote-logo-twojej-firmy\/#breadcrumb\"},\"inLanguage\":\"en-US\",\"potentialAction\":[{\"@type\":\"ReadAction\",\"target\":[\"https:\/\/on-a-wall.com\/produkt\/zlote-logo-twojej-firmy\/\"]}]},{\"@type\":\"ImageObject\",\"inLanguage\":\"en-US\",\"@id\":\"https:\/\/on-a-wall.com\/produkt\/zlote-logo-twojej-firmy\/#primaryimage\",\"url\":\"https:\/\/on-a-wall.com\/wp-content\/uploads\/2023\/04\/logo2.jpg\",\"contentUrl\":\"https:\/\/on-a-wall.com\/wp-content\/uploads\/2023\/04\/logo2.jpg\",\"width\":1280,\"height\":854},{\"@type\":\"BreadcrumbList\",\"@id\":\"https:\/\/on-a-wall.com\/produkt\/zlote-logo-twojej-firmy\/#breadcrumb\",\"itemListElement\":[{\"@type\":\"ListItem\",\"position\":1,\"name\":\"Strona g\u0142\u00f3wna\",\"item\":\"https:\/\/on-a-wall.com\/\"},{\"@type\":\"ListItem\",\"position\":2,\"name\":\"Sklep\",\"item\":\"https:\/\/on-a-wall.com\/sklep\/\"},{\"@type\":\"ListItem\",\"position\":3,\"name\":\"Z\u0142ote logo twojej firmy\"}]},{\"@type\":\"WebSite\",\"@id\":\"https:\/\/on-a-wall.com\/#website\",\"url\":\"https:\/\/on-a-wall.com\/\",\"name\":\"On A Wall - Na \u015acian\u0119\",\"description\":\"\",\"potentialAction\":[{\"@type\":\"SearchAction\",\"target\":{\"@type\":\"EntryPoint\",\"urlTemplate\":\"https:\/\/on-a-wall.com\/?s={search_term_string}\"},\"query-input\":{\"@type\":\"PropertyValueSpecification\",\"valueRequired\":true,\"valueName\":\"search_term_string\"}}],\"inLanguage\":\"en-US\"}]}<\/script>\n<!-- \/ Yoast SEO plugin. -->","yoast_head_json":{"title":"Z\u0142ote logo twojej firmy - On A Wall - Na \u015acian\u0119","robots":{"index":"index","follow":"follow","max-snippet":"max-snippet:-1","max-image-preview":"max-image-preview:large","max-video-preview":"max-video-preview:-1"},"canonical":"https:\/\/on-a-wall.com\/en\/product\/zlote-logo-twojej-firmy\/","og_locale":"en_US","og_type":"article","og_title":"Z\u0142ote logo twojej firmy - On A Wall - Na \u015acian\u0119","og_description":"Zam\u00f3w wyj\u0105tkowe lustrzane z\u0142ote logo z nazw\u0105 Twojej firmy. Wystarczy, \u017ce prze\u015blesz nam na sklep@on-a-wall.com plik swojego logo, a my","og_url":"https:\/\/on-a-wall.com\/en\/product\/zlote-logo-twojej-firmy\/","og_site_name":"On A Wall - Na \u015acian\u0119","article_modified_time":"2023-06-05T11:20:31+00:00","og_image":[{"width":1280,"height":854,"url":"https:\/\/on-a-wall.com\/wp-content\/uploads\/2023\/04\/logo2.jpg","type":"image\/jpeg"}],"twitter_card":"summary_large_image","twitter_misc":{"Est. reading time":"1 minute"},"schema":{"@context":"https:\/\/schema.org","@graph":[{"@type":"WebPage","@id":"https:\/\/on-a-wall.com\/produkt\/zlote-logo-twojej-firmy\/","url":"https:\/\/on-a-wall.com\/produkt\/zlote-logo-twojej-firmy\/","name":"Z\u0142ote logo twojej firmy - On A Wall - Na \u015acian\u0119","isPartOf":{"@id":"https:\/\/on-a-wall.com\/#website"},"primaryImageOfPage":{"@id":"https:\/\/on-a-wall.com\/produkt\/zlote-logo-twojej-firmy\/#primaryimage"},"image":{"@id":"https:\/\/on-a-wall.com\/produkt\/zlote-logo-twojej-firmy\/#primaryimage"},"thumbnailUrl":"https:\/\/on-a-wall.com\/wp-content\/uploads\/2023\/04\/logo2.jpg","datePublished":"2023-04-20T06:57:28+00:00","dateModified":"2023-06-05T11:20:31+00:00","breadcrumb":{"@id":"https:\/\/on-a-wall.com\/produkt\/zlote-logo-twojej-firmy\/#breadcrumb"},"inLanguage":"en-US","potentialAction":[{"@type":"ReadAction","target":["https:\/\/on-a-wall.com\/produkt\/zlote-logo-twojej-firmy\/"]}]},{"@type":"ImageObject","inLanguage":"en-US","@id":"https:\/\/on-a-wall.com\/produkt\/zlote-logo-twojej-firmy\/#primaryimage","url":"https:\/\/on-a-wall.com\/wp-content\/uploads\/2023\/04\/logo2.jpg","contentUrl":"https:\/\/on-a-wall.com\/wp-content\/uploads\/2023\/04\/logo2.jpg","width":1280,"height":854},{"@type":"BreadcrumbList","@id":"https:\/\/on-a-wall.com\/produkt\/zlote-logo-twojej-firmy\/#breadcrumb","itemListElement":[{"@type":"ListItem","position":1,"name":"Strona g\u0142\u00f3wna","item":"https:\/\/on-a-wall.com\/"},{"@type":"ListItem","position":2,"name":"Sklep","item":"https:\/\/on-a-wall.com\/sklep\/"},{"@type":"ListItem","position":3,"name":"Z\u0142ote logo twojej firmy"}]},{"@type":"WebSite","@id":"https:\/\/on-a-wall.com\/#website","url":"https:\/\/on-a-wall.com\/","name":"On A Wall - Na \u015acian\u0119","description":"","potentialAction":[{"@type":"SearchAction","target":{"@type":"EntryPoint","urlTemplate":"https:\/\/on-a-wall.com\/?s={search_term_string}"},"query-input":{"@type":"PropertyValueSpecification","valueRequired":true,"valueName":"search_term_string"}}],"inLanguage":"en-US"}]}},"_links":{"self":[{"href":"https:\/\/on-a-wall.com\/en\/wp-json\/wp\/v2\/product\/7490","targetHints":{"allow":["GET"]}}],"collection":[{"href":"https:\/\/on-a-wall.com\/en\/wp-json\/wp\/v2\/product"}],"about":[{"href":"https:\/\/on-a-wall.com\/en\/wp-json\/wp\/v2\/types\/product"}],"wp:featuredmedia":[{"embeddable":true,"href":"https:\/\/on-a-wall.com\/en\/wp-json\/wp\/v2\/media\/7504"}],"wp:attachment":[{"href":"https:\/\/on-a-wall.com\/en\/wp-json\/wp\/v2\/media?parent=7490"}],"wp:term":[{"taxonomy":"product_brand","embeddable":true,"href":"https:\/\/on-a-wall.com\/en\/wp-json\/wp\/v2\/product_brand?post=7490"},{"taxonomy":"product_cat","embeddable":true,"href":"https:\/\/on-a-wall.com\/en\/wp-json\/wp\/v2\/product_cat?post=7490"},{"taxonomy":"product_tag","embeddable":true,"href":"https:\/\/on-a-wall.com\/en\/wp-json\/wp\/v2\/product_tag?post=7490"}],"curies":[{"name":"wp","href":"https:\/\/api.w.org\/{rel}","templated":true}]}}