{"id":7482,"date":"2023-04-20T08:54:50","date_gmt":"2023-04-20T06:54:50","guid":{"rendered":"https:\/\/on-a-wall.com\/?post_type=product&#038;p=7482"},"modified":"2024-04-17T12:59:53","modified_gmt":"2024-04-17T10:59:53","slug":"mapa-twojego-miasta","status":"publish","type":"product","link":"https:\/\/on-a-wall.com\/en\/product\/mapa-twojego-miasta\/","title":{"rendered":"Map of your city"},"content":{"rendered":"<p class=\"translation-block\">The maps we offer are made on a rigid golden material, on which <strong>a map of your city is printed.<\/strong><\/p>\n<p class=\"translation-block\"><strong>Mapy drukowane s\u0105 na zam\u00f3wienie.<\/strong> Podaj miasto i kod pocztowy, a my wykonamy dla ciebie map\u0119. Dobierzemy naj\u0142adniejszy fragment mapy. Je\u015bli twoje miasto lub wie\u015b ma niewiele ulic, to mo\u017cna wykona\u0107 projekt z naniesionymi budynkami, aby budynki \u0142adnie wype\u0142nia\u0142y puste przestrzenie.<\/p>\n<p>The finished map image is lightweight<\/p>\n<p>Tesa patches with Velcro or double-sided tape (not included with the map) are best for hanging.<\/p>\n<p>It is possible to make a map vertically. Ultimately, it is performed horizontally.<\/p>","protected":false},"excerpt":{"rendered":"<p>Oferowane przez nas mapy wykonane s\u0105 na sztywnym z\u0142otym tworzywie, na kt\u00f3rym nadrukowana jest mapa twojego miasta. Mapy drukowane s\u0105<\/p>","protected":false},"featured_media":7387,"template":"","meta":{"_acf_changed":false},"product_brand":[],"product_cat":[82,21],"product_tag":[],"class_list":{"0":"post-7482","1":"product","2":"type-product","3":"status-publish","4":"has-post-thumbnail","6":"product_cat-indywidualne","7":"product_cat-mapy","9":"first","10":"instock","11":"taxable","12":"shipping-taxable","13":"purchasable","14":"product-type-variable"},"acf":[],"yoast_head":"<!-- This site is optimized with the Yoast SEO plugin v26.8 - https:\/\/yoast.com\/product\/yoast-seo-wordpress\/ -->\n<title>Mapa Twojego Miasta - On A Wall - Na \u015acian\u0119<\/title>\n<meta name=\"robots\" content=\"index, follow, max-snippet:-1, max-image-preview:large, max-video-preview:-1\" \/>\n<link rel=\"canonical\" href=\"https:\/\/on-a-wall.com\/en\/product\/mapa-twojego-miasta\/\" \/>\n<meta property=\"og:locale\" content=\"en_US\" \/>\n<meta property=\"og:type\" content=\"article\" \/>\n<meta property=\"og:title\" content=\"Mapa Twojego Miasta - On A Wall - Na \u015acian\u0119\" \/>\n<meta property=\"og:description\" content=\"Oferowane przez nas mapy wykonane s\u0105 na sztywnym z\u0142otym tworzywie, na kt\u00f3rym nadrukowana jest mapa twojego miasta. Mapy drukowane s\u0105\" \/>\n<meta property=\"og:url\" content=\"https:\/\/on-a-wall.com\/en\/product\/mapa-twojego-miasta\/\" \/>\n<meta property=\"og:site_name\" content=\"On A Wall - Na \u015acian\u0119\" \/>\n<meta property=\"article:modified_time\" content=\"2024-04-17T10:59:53+00:00\" \/>\n<meta property=\"og:image\" content=\"https:\/\/on-a-wall.com\/wp-content\/uploads\/2023\/03\/2-scaled.jpg\" \/>\n\t<meta property=\"og:image:width\" content=\"2502\" \/>\n\t<meta property=\"og:image:height\" content=\"2560\" \/>\n\t<meta property=\"og:image:type\" content=\"image\/jpeg\" \/>\n<meta name=\"twitter:card\" content=\"summary_large_image\" \/>\n<meta name=\"twitter:label1\" content=\"Est. reading time\" \/>\n\t<meta name=\"twitter:data1\" content=\"1 minute\" \/>\n<script type=\"application\/ld+json\" class=\"yoast-schema-graph\">{\"@context\":\"https:\/\/schema.org\",\"@graph\":[{\"@type\":\"WebPage\",\"@id\":\"https:\/\/on-a-wall.com\/produkt\/mapa-twojego-miasta\/\",\"url\":\"https:\/\/on-a-wall.com\/produkt\/mapa-twojego-miasta\/\",\"name\":\"Mapa Twojego Miasta - On A Wall - Na \u015acian\u0119\",\"isPartOf\":{\"@id\":\"https:\/\/on-a-wall.com\/#website\"},\"primaryImageOfPage\":{\"@id\":\"https:\/\/on-a-wall.com\/produkt\/mapa-twojego-miasta\/#primaryimage\"},\"image\":{\"@id\":\"https:\/\/on-a-wall.com\/produkt\/mapa-twojego-miasta\/#primaryimage\"},\"thumbnailUrl\":\"https:\/\/on-a-wall.com\/wp-content\/uploads\/2023\/03\/2-scaled.jpg\",\"datePublished\":\"2023-04-20T06:54:50+00:00\",\"dateModified\":\"2024-04-17T10:59:53+00:00\",\"breadcrumb\":{\"@id\":\"https:\/\/on-a-wall.com\/produkt\/mapa-twojego-miasta\/#breadcrumb\"},\"inLanguage\":\"en-US\",\"potentialAction\":[{\"@type\":\"ReadAction\",\"target\":[\"https:\/\/on-a-wall.com\/produkt\/mapa-twojego-miasta\/\"]}]},{\"@type\":\"ImageObject\",\"inLanguage\":\"en-US\",\"@id\":\"https:\/\/on-a-wall.com\/produkt\/mapa-twojego-miasta\/#primaryimage\",\"url\":\"https:\/\/on-a-wall.com\/wp-content\/uploads\/2023\/03\/2-scaled.jpg\",\"contentUrl\":\"https:\/\/on-a-wall.com\/wp-content\/uploads\/2023\/03\/2-scaled.jpg\",\"width\":2502,\"height\":2560,\"caption\":\"z\u0142ote dekoracje \u015bcienne\"},{\"@type\":\"BreadcrumbList\",\"@id\":\"https:\/\/on-a-wall.com\/produkt\/mapa-twojego-miasta\/#breadcrumb\",\"itemListElement\":[{\"@type\":\"ListItem\",\"position\":1,\"name\":\"Strona g\u0142\u00f3wna\",\"item\":\"https:\/\/on-a-wall.com\/\"},{\"@type\":\"ListItem\",\"position\":2,\"name\":\"Sklep\",\"item\":\"https:\/\/on-a-wall.com\/sklep\/\"},{\"@type\":\"ListItem\",\"position\":3,\"name\":\"Mapa Twojego Miasta\"}]},{\"@type\":\"WebSite\",\"@id\":\"https:\/\/on-a-wall.com\/#website\",\"url\":\"https:\/\/on-a-wall.com\/\",\"name\":\"On A Wall - Na \u015acian\u0119\",\"description\":\"\",\"potentialAction\":[{\"@type\":\"SearchAction\",\"target\":{\"@type\":\"EntryPoint\",\"urlTemplate\":\"https:\/\/on-a-wall.com\/?s={search_term_string}\"},\"query-input\":{\"@type\":\"PropertyValueSpecification\",\"valueRequired\":true,\"valueName\":\"search_term_string\"}}],\"inLanguage\":\"en-US\"}]}<\/script>\n<!-- \/ Yoast SEO plugin. -->","yoast_head_json":{"title":"Mapa Twojego Miasta - On A Wall - Na \u015acian\u0119","robots":{"index":"index","follow":"follow","max-snippet":"max-snippet:-1","max-image-preview":"max-image-preview:large","max-video-preview":"max-video-preview:-1"},"canonical":"https:\/\/on-a-wall.com\/en\/product\/mapa-twojego-miasta\/","og_locale":"en_US","og_type":"article","og_title":"Mapa Twojego Miasta - On A Wall - Na \u015acian\u0119","og_description":"Oferowane przez nas mapy wykonane s\u0105 na sztywnym z\u0142otym tworzywie, na kt\u00f3rym nadrukowana jest mapa twojego miasta. Mapy drukowane s\u0105","og_url":"https:\/\/on-a-wall.com\/en\/product\/mapa-twojego-miasta\/","og_site_name":"On A Wall - Na \u015acian\u0119","article_modified_time":"2024-04-17T10:59:53+00:00","og_image":[{"width":2502,"height":2560,"url":"https:\/\/on-a-wall.com\/wp-content\/uploads\/2023\/03\/2-scaled.jpg","type":"image\/jpeg"}],"twitter_card":"summary_large_image","twitter_misc":{"Est. reading time":"1 minute"},"schema":{"@context":"https:\/\/schema.org","@graph":[{"@type":"WebPage","@id":"https:\/\/on-a-wall.com\/produkt\/mapa-twojego-miasta\/","url":"https:\/\/on-a-wall.com\/produkt\/mapa-twojego-miasta\/","name":"Mapa Twojego Miasta - On A Wall - Na \u015acian\u0119","isPartOf":{"@id":"https:\/\/on-a-wall.com\/#website"},"primaryImageOfPage":{"@id":"https:\/\/on-a-wall.com\/produkt\/mapa-twojego-miasta\/#primaryimage"},"image":{"@id":"https:\/\/on-a-wall.com\/produkt\/mapa-twojego-miasta\/#primaryimage"},"thumbnailUrl":"https:\/\/on-a-wall.com\/wp-content\/uploads\/2023\/03\/2-scaled.jpg","datePublished":"2023-04-20T06:54:50+00:00","dateModified":"2024-04-17T10:59:53+00:00","breadcrumb":{"@id":"https:\/\/on-a-wall.com\/produkt\/mapa-twojego-miasta\/#breadcrumb"},"inLanguage":"en-US","potentialAction":[{"@type":"ReadAction","target":["https:\/\/on-a-wall.com\/produkt\/mapa-twojego-miasta\/"]}]},{"@type":"ImageObject","inLanguage":"en-US","@id":"https:\/\/on-a-wall.com\/produkt\/mapa-twojego-miasta\/#primaryimage","url":"https:\/\/on-a-wall.com\/wp-content\/uploads\/2023\/03\/2-scaled.jpg","contentUrl":"https:\/\/on-a-wall.com\/wp-content\/uploads\/2023\/03\/2-scaled.jpg","width":2502,"height":2560,"caption":"z\u0142ote dekoracje \u015bcienne"},{"@type":"BreadcrumbList","@id":"https:\/\/on-a-wall.com\/produkt\/mapa-twojego-miasta\/#breadcrumb","itemListElement":[{"@type":"ListItem","position":1,"name":"Strona g\u0142\u00f3wna","item":"https:\/\/on-a-wall.com\/"},{"@type":"ListItem","position":2,"name":"Sklep","item":"https:\/\/on-a-wall.com\/sklep\/"},{"@type":"ListItem","position":3,"name":"Mapa Twojego Miasta"}]},{"@type":"WebSite","@id":"https:\/\/on-a-wall.com\/#website","url":"https:\/\/on-a-wall.com\/","name":"On A Wall - Na \u015acian\u0119","description":"","potentialAction":[{"@type":"SearchAction","target":{"@type":"EntryPoint","urlTemplate":"https:\/\/on-a-wall.com\/?s={search_term_string}"},"query-input":{"@type":"PropertyValueSpecification","valueRequired":true,"valueName":"search_term_string"}}],"inLanguage":"en-US"}]}},"_links":{"self":[{"href":"https:\/\/on-a-wall.com\/en\/wp-json\/wp\/v2\/product\/7482","targetHints":{"allow":["GET"]}}],"collection":[{"href":"https:\/\/on-a-wall.com\/en\/wp-json\/wp\/v2\/product"}],"about":[{"href":"https:\/\/on-a-wall.com\/en\/wp-json\/wp\/v2\/types\/product"}],"wp:featuredmedia":[{"embeddable":true,"href":"https:\/\/on-a-wall.com\/en\/wp-json\/wp\/v2\/media\/7387"}],"wp:attachment":[{"href":"https:\/\/on-a-wall.com\/en\/wp-json\/wp\/v2\/media?parent=7482"}],"wp:term":[{"taxonomy":"product_brand","embeddable":true,"href":"https:\/\/on-a-wall.com\/en\/wp-json\/wp\/v2\/product_brand?post=7482"},{"taxonomy":"product_cat","embeddable":true,"href":"https:\/\/on-a-wall.com\/en\/wp-json\/wp\/v2\/product_cat?post=7482"},{"taxonomy":"product_tag","embeddable":true,"href":"https:\/\/on-a-wall.com\/en\/wp-json\/wp\/v2\/product_tag?post=7482"}],"curies":[{"name":"wp","href":"https:\/\/api.w.org\/{rel}","templated":true}]}}