{"id":7650,"date":"2024-04-17T10:20:38","date_gmt":"2024-04-17T08:20:38","guid":{"rendered":"https:\/\/on-a-wall.com\/?page_id=7650"},"modified":"2024-04-17T10:26:34","modified_gmt":"2024-04-17T08:26:34","slug":"o-nas","status":"publish","type":"page","link":"https:\/\/on-a-wall.com\/en\/o-nas\/","title":{"rendered":"About Us"},"content":{"rendered":"<section class=\"wpb-content-wrapper\"><div data-vc-full-width=\"true\" data-vc-full-width-init=\"false\" class=\"vc_row wpb_row vc_row-fluid vc_custom_1629876973406 vc_row-has-fill vc_row-o-content-middle vc_row-flex wd-rs-6125f2d9a9f9b\"><div class=\"wpb_column vc_column_container vc_col-sm-12 vc_col-lg-4 vc_col-md-4 vc_col-xs-12 wd-rs-6125f2fa74bd9\"><div class=\"vc_column-inner vc_custom_1629876989711\"><div class=\"wpb_wrapper\">\n\t\t<div id=\"wd-641d92abeb76e\" class=\"title-wrapper wd-wpb set-mb-s reset-last-child  wd-rs-641d92abeb76e wd-title-color-primary wd-title-style-default text-center vc_custom_1679659717033 wd-underline-colored\">\n\t\t\t\n\t\t\t<div class=\"liner-continer\">\n\t\t\t\t<h4 class=\"woodmart-title-container title  wd-font-weight- wd-fontsize-xxl\" >The world is beautiful. It can be beautiful - thanks to us...<\/h4>\n\t\t\t\t\t\t\t<\/div>\n\t\t\t\n\t\t\t\n\t\t\t\n\t\t<\/div>\n\t\t\n\t\t<\/div><\/div><\/div><div class=\"wpb_column vc_column_container vc_col-sm-6 vc_col-lg-offset-1 vc_col-lg-3 vc_col-md-4 wd-rs-6125f2f5a2779\"><div class=\"vc_column-inner vc_custom_1629876984854\"><div class=\"wpb_wrapper\">\t\t\t<div class=\"info-box-wrapper\">\n\t\t\t\t<div id=\"wd-641d92cd3730c\" class=\"wd-rs-641d92cd3730c cursor-pointer wd-info-box wd-wpb text-center box-icon-align-left box-style- color-scheme- wd-bg-none vc_custom_1679659731915\"  onclick=\"window.location.href=&quot;#&quot;\"  >\n\t\t\t\t\t\t\t\t\t\t<div class=\"info-box-content\">\n\t\t\t\t\t\t<h4 class=\"info-box-title title wd-font-weight- box-title-style-default wd-fontsize-m\">We love what we do!<\/h4>\t\t\t\t\t\t<div class=\"info-box-inner set-cont-mb-s reset-last-child\">\n\t\t\t\t\t\t\t<p>The world is beautiful. To add flavor to it, it is worth taking care of the unique surroundings. Golden maps and clocks are a perfect reflection of our soul. Design, light reflections that give the rooms a unique character, durability and universality - all this distinguishes our products. Fall in love with beauty! Fall in love with the world of golden maps and clocks.<\/p>\n\t\t\t\t\t\t<\/div>\n\n\t\t\t\t\t\t\t\t\t\t\t<\/div>\n\n\t\t\t\t\t\t\t\t\t<\/div>\n\t\t\t<\/div>\n\t\t<\/div><\/div><\/div><div class=\"wpb_column vc_column_container vc_col-sm-6 vc_col-lg-offset-1 vc_col-lg-3 vc_col-md-4 wd-rs-6125f2efc6c08\"><div class=\"vc_column-inner vc_custom_1629876980184\"><div class=\"wpb_wrapper\">\t\t\t<div class=\"info-box-wrapper\">\n\t\t\t\t<div id=\"wd-641d9371b1ddd\" class=\"wd-rs-641d9371b1ddd cursor-pointer wd-info-box wd-wpb text-center box-icon-align-top box-style- color-scheme- wd-bg-none vc_custom_1679659902755\"  onclick=\"window.location.href=&quot;#&quot;\"  >\n\t\t\t\t\t\t\t\t\t\t\t<div class=\"box-icon-wrapper  box-with-icon box-icon-simple\">\n\t\t\t\t\t\t\t<div class=\"info-box-icon\">\n\n\t\t\t\t\t\t\t\n\t\t\t\t\t\t\t\t\t\t\t\t\t\t\t\t\t<img loading=\"lazy\" decoding=\"async\" class=\"info-icon image-1\" src=\"https:\/\/on-a-wall.com\/wp-content\/uploads\/2023\/03\/Depositphotos_333015716_XL-kopia-scaled-800x600.jpg\" width=\"800\" height=\"600\" alt=\"z\u0142ota mapa 1\" title=\"\" \/>\t\t\t\t\t\t\t\t\t\t\t\t\t\t\t\n\t\t\t\t\t\t\t<\/div>\n\t\t\t\t\t\t<\/div>\n\t\t\t\t\t\t\t\t\t\t<div class=\"info-box-content\">\n\t\t\t\t\t\t<h4 class=\"info-box-title title wd-font-weight- box-title-style-default wd-fontsize-m\">Make your surroundings unique!<\/h4>\t\t\t\t\t\t<div class=\"info-box-inner set-cont-mb-s reset-last-child\">\n\t\t\t\t\t\t\t<p>Tasteful, modern, giving a unique character. For home, apartment, office - wherever you are!<\/p>\n\t\t\t\t\t\t<\/div>\n\n\t\t\t\t\t\t\t\t\t\t\t<\/div>\n\n\t\t\t\t\t\t\t\t\t<\/div>\n\t\t\t<\/div>\n\t\t<\/div><\/div><\/div><\/div><div class=\"vc_row-full-width vc_clearfix\"><\/div><div class=\"vc_row wpb_row vc_row-fluid vc_custom_1629877038080 row-reverse-mobile row-reverse-tablet wd-rs-6125f32826e3d\"><div class=\"wpb_column vc_column_container vc_col-sm-12 vc_col-lg-6 vc_col-md-6 wd-rs-6125f30edad72\"><div class=\"vc_column-inner vc_custom_1629877010833\"><div class=\"wpb_wrapper\">\t\t<div id=\"wd-641d8c7c4616d\" class=\"wd-image wd-wpb wd-rs-641d8c7c4616d text-left vc_custom_1679658180771\">\n\t\t\t\n\t\t\t<img loading=\"lazy\" decoding=\"async\" width=\"2560\" height=\"2299\" src=\"https:\/\/on-a-wall.com\/wp-content\/uploads\/2023\/03\/Depositphotos_541769128_XL-kopia-scaled.jpg\" class=\"attachment-full\" alt=\"z\u0142oty zegar na \u015bcianie\" title=\"\" srcset=\"https:\/\/on-a-wall.com\/wp-content\/uploads\/2023\/03\/Depositphotos_541769128_XL-kopia-scaled.jpg 2560w, https:\/\/on-a-wall.com\/wp-content\/uploads\/2023\/03\/Depositphotos_541769128_XL-kopia-scaled-430x386.jpg 430w, https:\/\/on-a-wall.com\/wp-content\/uploads\/2023\/03\/Depositphotos_541769128_XL-kopia-scaled-150x135.jpg 150w, https:\/\/on-a-wall.com\/wp-content\/uploads\/2023\/03\/Depositphotos_541769128_XL-kopia-scaled-700x629.jpg 700w, https:\/\/on-a-wall.com\/wp-content\/uploads\/2023\/03\/Depositphotos_541769128_XL-kopia-334x300.jpg 334w, https:\/\/on-a-wall.com\/wp-content\/uploads\/2023\/03\/Depositphotos_541769128_XL-kopia-891x800.jpg 891w, https:\/\/on-a-wall.com\/wp-content\/uploads\/2023\/03\/Depositphotos_541769128_XL-kopia-768x690.jpg 768w, https:\/\/on-a-wall.com\/wp-content\/uploads\/2023\/03\/Depositphotos_541769128_XL-kopia-1536x1379.jpg 1536w, https:\/\/on-a-wall.com\/wp-content\/uploads\/2023\/03\/Depositphotos_541769128_XL-kopia-2048x1839.jpg 2048w, https:\/\/on-a-wall.com\/wp-content\/uploads\/2023\/03\/Depositphotos_541769128_XL-kopia-860x772.jpg 860w\" sizes=\"auto, (max-width: 2560px) 100vw, 2560px\" \/>\n\t\t\t\t\t<\/div>\n\t\t<\/div><\/div><\/div><div class=\"wpb_column vc_column_container vc_col-sm-12 vc_col-lg-offset-1 vc_col-lg-5 vc_col-md-6 vc_col-xs-12 wd-rs-6125f320eb687\"><div class=\"vc_column-inner vc_custom_1629877027060\"><div class=\"wpb_wrapper\">\n\t\t<div id=\"wd-641d934606bfc\" class=\"title-wrapper wd-wpb set-mb-s reset-last-child  wd-rs-641d934606bfc wd-title-color-primary wd-title-style-underlined text-center vc_custom_1679659852498 wd-underline-colored\">\n\t\t\t\n\t\t\t<div class=\"liner-continer\">\n\t\t\t\t<h4 class=\"woodmart-title-container title  wd-font-weight- wd-fontsize-xxl\" >A team with passion!<\/h4>\n\t\t\t\t\t\t\t<\/div>\n\t\t\t\n\t\t\t\n\t\t\t\n\t\t<\/div>\n\t\t\n\t\t\t\t<div id=\"wd-641d933f0e3de\" class=\"wd-text-block wd-wpb reset-last-child wd-rs-641d933f0e3de text-center wd-width-enabled wd-fontsize-s vc_custom_1679659843212\" style=\"--wd-max-width: 90%;\">\n\t\t\t<p><em>Beautiful is what pleases our eyes and gladdens our heart.<br \/>\n<\/em><\/p>\n\t\t<\/div>\n\t\t\t\t<div id=\"wd-641d93578ed4c\" class=\"wd-text-block wd-wpb reset-last-child wd-rs-641d93578ed4c text-center wd-fontsize-custom vc_custom_1679659872997\">\n\t\t\t<p>We are a team that has been dealing with design for many years. We cooperate, we create trends, we create the world seen through your eyes. Each of us is different, thanks to which we complement each other like few others. When creating our products, we pay great attention to details. We approach each project with reverence, thanks to which we are sure that what we have created is perfect. We implement even the craziest ideas because we believe that life is too short to waste time on excuses.<\/p>\n<p>Fall in love with beauty!<\/p>\n<p>Fall in love with ON-WALL. Fall in love with ON-A-WALL!<\/p>\n\t\t<\/div>\n\t\t<div class=\"vc_separator wpb_content_element vc_separator_align_center vc_sep_width_100 vc_sep_pos_align_center vc_separator_no_text vc_custom_1615616514122\" ><span class=\"vc_sep_holder vc_sep_holder_l\"><span style=\"border-color:rgb(10,10,10);border-color:rgba(10,10,10,0.12);\" class=\"vc_sep_line\"><\/span><\/span><span class=\"vc_sep_holder vc_sep_holder_r\"><span style=\"border-color:rgb(10,10,10);border-color:rgba(10,10,10,0.12);\" class=\"vc_sep_line\"><\/span><\/span>\n<\/div><\/div><\/div><\/div><\/div><section data-vc-full-width=\"true\" data-vc-full-width-init=\"false\" class=\"vc_section vc_custom_1679658876484 vc_section-has-fill wd-bg-left-center wd-rs-641d8f728da72\"><div class=\"vc_row wpb_row vc_row-fluid vc_custom_1615814278162 vc_row-o-equal-height vc_row-o-content-middle vc_row-flex\"><div class=\"wpb_column vc_column_container vc_col-sm-6 color-scheme-light wd-rs-6125f35912e56\"><div class=\"vc_column-inner vc_custom_1629877084287\"><div class=\"wpb_wrapper\">\n\t\t<div id=\"wd-6422caa63dd4c\" class=\"title-wrapper wd-wpb set-mb-s reset-last-child  wd-rs-6422caa63dd4c wd-title-color-primary wd-title-style-default text-left vc_custom_1680001706736 wd-width-enabled wd-underline-colored\" style=\"--wd-max-width: 90%;\">\n\t\t\t\n\t\t\t<div class=\"liner-continer\">\n\t\t\t\t<h4 class=\"woodmart-title-container title  wd-font-weight- wd-fontsize-xxl\" >SPECIAL THINGS FOR SPECIAL PEOPLE<\/h4>\n\t\t\t\t\t\t\t<\/div>\n\t\t\t\n\t\t\t\n\t\t\t\n\t\t<\/div>\n\t\t\n\t\t<div id=\"wd-641d8fa617af9\" class=\"wd-rs-641d8fa617af9  wd-button-wrapper text-center inline-element\"><a href=\"#\" title=\"\" class=\"btn btn-color-white btn-style-link btn-style-rectangle btn-size-default\">SEE WHAT WE CAN DO FOR YOU...<\/a><\/div><\/div><\/div><\/div><div class=\"wpb_column vc_column_container vc_col-sm-6 wd-rs-6125f353ede07\"><div class=\"vc_column-inner vc_custom_1629877079783\"><div class=\"wpb_wrapper\"><div class=\"vc_row wpb_row vc_inner vc_row-fluid vc_custom_1615814565315 vc_row-has-fill vc_row-o-equal-height vc_row-flex\"><div class=\"wpb_column vc_column_container vc_col-sm-6 vc_col-xs-6 vc_col-has-fill\"><div class=\"vc_column-inner vc_custom_1499604113587\"><div class=\"wpb_wrapper\">\t\t\t<div class=\"woodmart-counter wd-wpb  wd-rs-641d8fd3af4fb counter-large text-center color-scheme-light\" id=\"wd-641d8fd3af4fb\">\n\t\t\t\t<div class=\"counter-value wd-font-weight-600\" data-state=\"new\" data-final=\"2017\">2017<\/div>\n\t\t\t\t\t\t\t\t\t<div class=\"counter-label\">WE EXIST FROM<\/div>\n\t\t\t\t\t\t\t\t\t\t\t<\/div>\n\n\t\t<\/div><\/div><\/div><div class=\"wpb_column vc_column_container vc_col-sm-6 vc_col-xs-6\"><div class=\"vc_column-inner vc_custom_1499604100036\"><div class=\"wpb_wrapper\">\t\t\t<div class=\"woodmart-counter wd-wpb  wd-rs-641d8feba7024 counter-large text-center color-scheme-light\" id=\"wd-641d8feba7024\">\n\t\t\t\t<div class=\"counter-value wd-font-weight-600\" data-state=\"new\" data-final=\"1499\">1499<\/div>\n\t\t\t\t\t\t\t\t\t<div class=\"counter-label\">SATISFIED CUSTOMERS<\/div>\n\t\t\t\t\t\t\t\t\t\t\t<\/div>\n\n\t\t<\/div><\/div><\/div><\/div><div class=\"vc_row wpb_row vc_inner vc_row-fluid vc_custom_1499603294997 vc_row-has-fill\"><div class=\"wpb_column vc_column_container vc_col-sm-6 vc_col-xs-6 vc_col-has-fill\"><div class=\"vc_column-inner vc_custom_1499604519781\"><div class=\"wpb_wrapper\">\t\t\t<div class=\"woodmart-counter wd-wpb  wd-rs-641d9055d51f1 counter-large text-center color-scheme-light\" id=\"wd-641d9055d51f1\">\n\t\t\t\t<div class=\"counter-value wd-font-weight-600\" data-state=\"new\" data-final=\"387\">387<\/div>\n\t\t\t\t\t\t\t\t\t<div class=\"counter-label\">COMPANIES IN SERVICE<\/div>\n\t\t\t\t\t\t\t\t\t\t\t<\/div>\n\n\t\t<\/div><\/div><\/div><div class=\"wpb_column vc_column_container vc_col-sm-6 vc_col-xs-6\"><div class=\"vc_column-inner vc_custom_1499604526470\"><div class=\"wpb_wrapper\">\t\t\t<div class=\"woodmart-counter wd-wpb  wd-rs-641d90690a433 counter-large text-center color-scheme-light\" id=\"wd-641d90690a433\">\n\t\t\t\t<div class=\"counter-value wd-font-weight-600\" data-state=\"new\" data-final=\"1000000\">1000000<\/div>\n\t\t\t\t\t\t\t\t\t<div class=\"counter-label\">IDEAS<\/div>\n\t\t\t\t\t\t\t\t\t\t\t<\/div>\n\n\t\t<\/div><\/div><\/div><\/div><\/div><\/div><\/div><\/div><\/section><div class=\"vc_row-full-width vc_clearfix\"><\/div>\n<\/section>","protected":false},"excerpt":{"rendered":"\u015awiat jest pi\u0119kny. Mo\u017ce by\u0107 pi\u0119kniejszy - dzi\u0119ki nam... Kochamy to, co robimy! \u015awiat jest pi\u0119kny. Aby doda\u0107 jemu smaku","protected":false},"author":1,"featured_media":0,"parent":0,"menu_order":0,"comment_status":"closed","ping_status":"closed","template":"","meta":{"_acf_changed":false,"footnotes":""},"class_list":["post-7650","page","type-page","status-publish","hentry"],"acf":[],"yoast_head":"<!-- This site is optimized with the Yoast SEO plugin v26.8 - https:\/\/yoast.com\/product\/yoast-seo-wordpress\/ -->\n<title>O nas - On A Wall - Na \u015acian\u0119<\/title>\n<meta name=\"robots\" content=\"index, follow, max-snippet:-1, max-image-preview:large, max-video-preview:-1\" \/>\n<link rel=\"canonical\" href=\"https:\/\/on-a-wall.com\/en\/o-nas\/\" \/>\n<meta property=\"og:locale\" content=\"en_US\" \/>\n<meta property=\"og:type\" content=\"article\" \/>\n<meta property=\"og:title\" content=\"O nas - On A Wall - Na \u015acian\u0119\" \/>\n<meta property=\"og:url\" content=\"https:\/\/on-a-wall.com\/en\/o-nas\/\" \/>\n<meta property=\"og:site_name\" content=\"On A Wall - Na \u015acian\u0119\" \/>\n<meta property=\"article:modified_time\" content=\"2024-04-17T08:26:34+00:00\" \/>\n<meta name=\"twitter:card\" content=\"summary_large_image\" \/>\n<meta name=\"twitter:label1\" content=\"Est. reading time\" \/>\n\t<meta name=\"twitter:data1\" content=\"11 minutes\" \/>\n<script type=\"application\/ld+json\" class=\"yoast-schema-graph\">{\"@context\":\"https:\/\/schema.org\",\"@graph\":[{\"@type\":\"WebPage\",\"@id\":\"https:\/\/on-a-wall.com\/o-nas\/\",\"url\":\"https:\/\/on-a-wall.com\/o-nas\/\",\"name\":\"O nas - On A Wall - Na \u015acian\u0119\",\"isPartOf\":{\"@id\":\"https:\/\/on-a-wall.com\/#website\"},\"datePublished\":\"2024-04-17T08:20:38+00:00\",\"dateModified\":\"2024-04-17T08:26:34+00:00\",\"breadcrumb\":{\"@id\":\"https:\/\/on-a-wall.com\/o-nas\/#breadcrumb\"},\"inLanguage\":\"en-US\",\"potentialAction\":[{\"@type\":\"ReadAction\",\"target\":[\"https:\/\/on-a-wall.com\/o-nas\/\"]}]},{\"@type\":\"BreadcrumbList\",\"@id\":\"https:\/\/on-a-wall.com\/o-nas\/#breadcrumb\",\"itemListElement\":[{\"@type\":\"ListItem\",\"position\":1,\"name\":\"Strona g\u0142\u00f3wna\",\"item\":\"https:\/\/on-a-wall.com\/\"},{\"@type\":\"ListItem\",\"position\":2,\"name\":\"O nas\"}]},{\"@type\":\"WebSite\",\"@id\":\"https:\/\/on-a-wall.com\/#website\",\"url\":\"https:\/\/on-a-wall.com\/\",\"name\":\"On A Wall - Na \u015acian\u0119\",\"description\":\"\",\"potentialAction\":[{\"@type\":\"SearchAction\",\"target\":{\"@type\":\"EntryPoint\",\"urlTemplate\":\"https:\/\/on-a-wall.com\/?s={search_term_string}\"},\"query-input\":{\"@type\":\"PropertyValueSpecification\",\"valueRequired\":true,\"valueName\":\"search_term_string\"}}],\"inLanguage\":\"en-US\"}]}<\/script>\n<!-- \/ Yoast SEO plugin. -->","yoast_head_json":{"title":"O nas - On A Wall - Na \u015acian\u0119","robots":{"index":"index","follow":"follow","max-snippet":"max-snippet:-1","max-image-preview":"max-image-preview:large","max-video-preview":"max-video-preview:-1"},"canonical":"https:\/\/on-a-wall.com\/en\/o-nas\/","og_locale":"en_US","og_type":"article","og_title":"O nas - On A Wall - Na \u015acian\u0119","og_url":"https:\/\/on-a-wall.com\/en\/o-nas\/","og_site_name":"On A Wall - Na \u015acian\u0119","article_modified_time":"2024-04-17T08:26:34+00:00","twitter_card":"summary_large_image","twitter_misc":{"Est. reading time":"11 minutes"},"schema":{"@context":"https:\/\/schema.org","@graph":[{"@type":"WebPage","@id":"https:\/\/on-a-wall.com\/o-nas\/","url":"https:\/\/on-a-wall.com\/o-nas\/","name":"O nas - On A Wall - Na \u015acian\u0119","isPartOf":{"@id":"https:\/\/on-a-wall.com\/#website"},"datePublished":"2024-04-17T08:20:38+00:00","dateModified":"2024-04-17T08:26:34+00:00","breadcrumb":{"@id":"https:\/\/on-a-wall.com\/o-nas\/#breadcrumb"},"inLanguage":"en-US","potentialAction":[{"@type":"ReadAction","target":["https:\/\/on-a-wall.com\/o-nas\/"]}]},{"@type":"BreadcrumbList","@id":"https:\/\/on-a-wall.com\/o-nas\/#breadcrumb","itemListElement":[{"@type":"ListItem","position":1,"name":"Strona g\u0142\u00f3wna","item":"https:\/\/on-a-wall.com\/"},{"@type":"ListItem","position":2,"name":"O nas"}]},{"@type":"WebSite","@id":"https:\/\/on-a-wall.com\/#website","url":"https:\/\/on-a-wall.com\/","name":"On A Wall - Na \u015acian\u0119","description":"","potentialAction":[{"@type":"SearchAction","target":{"@type":"EntryPoint","urlTemplate":"https:\/\/on-a-wall.com\/?s={search_term_string}"},"query-input":{"@type":"PropertyValueSpecification","valueRequired":true,"valueName":"search_term_string"}}],"inLanguage":"en-US"}]}},"_links":{"self":[{"href":"https:\/\/on-a-wall.com\/en\/wp-json\/wp\/v2\/pages\/7650","targetHints":{"allow":["GET"]}}],"collection":[{"href":"https:\/\/on-a-wall.com\/en\/wp-json\/wp\/v2\/pages"}],"about":[{"href":"https:\/\/on-a-wall.com\/en\/wp-json\/wp\/v2\/types\/page"}],"author":[{"embeddable":true,"href":"https:\/\/on-a-wall.com\/en\/wp-json\/wp\/v2\/users\/1"}],"replies":[{"embeddable":true,"href":"https:\/\/on-a-wall.com\/en\/wp-json\/wp\/v2\/comments?post=7650"}],"version-history":[{"count":1,"href":"https:\/\/on-a-wall.com\/en\/wp-json\/wp\/v2\/pages\/7650\/revisions"}],"predecessor-version":[{"id":7652,"href":"https:\/\/on-a-wall.com\/en\/wp-json\/wp\/v2\/pages\/7650\/revisions\/7652"}],"wp:attachment":[{"href":"https:\/\/on-a-wall.com\/en\/wp-json\/wp\/v2\/media?parent=7650"}],"curies":[{"name":"wp","href":"https:\/\/api.w.org\/{rel}","templated":true}]}}