{"id":5288,"date":"2021-08-25T09:00:10","date_gmt":"2021-08-25T07:00:10","guid":{"rendered":"http:\/\/dummy.xtemos.com\/woodmart2\/?page_id=5288"},"modified":"2023-04-19T15:25:12","modified_gmt":"2023-04-19T13:25:12","slug":"kontakt","status":"publish","type":"page","link":"https:\/\/on-a-wall.com\/en\/kontakt\/","title":{"rendered":"Contact"},"content":{"rendered":"<section class=\"wpb-content-wrapper\"><div data-vc-full-width=\"true\" data-vc-full-width-init=\"false\" data-vc-stretch-content=\"true\" class=\"vc_row wpb_row vc_row-fluid vc_custom_1635871490467 vc_row-no-padding wd-rs-61816afa77f62\"><div class=\"wpb_column vc_column_container vc_col-sm-12 vc_col-has-fill wd-bg-center-center wd-rs-642d21c0b5b45\"><div class=\"vc_column-inner vc_custom_1680679404873\"><div class=\"wpb_wrapper\">\t\t\t<div class=\"info-box-wrapper\">\n\t\t\t\t<div id=\"wd-643feb7c52a6f\" class=\"wd-rs-643feb7c52a6f cursor-pointer wd-info-box wd-wpb text-left box-icon-align-top box-style- color-scheme- wd-bg-none contact-banner-info vc_custom_1681910704512\"  >\n\t\t\t\t\t\t\t\t\t\t\t<div class=\"box-icon-wrapper  box-with-icon box-icon-with-bg\">\n\t\t\t\t\t\t\t<div class=\"info-box-icon\">\n\n\t\t\t\t\t\t\t\n\t\t\t\t\t\t\t\t\t\t\t\t\t\t\t\t\t<img loading=\"lazy\" decoding=\"async\" width=\"150\" height=\"150\" src=\"https:\/\/on-a-wall.com\/wp-content\/uploads\/2022\/12\/logo-150x150.png\" class=\"info-icon image-1 attachment-thumbnail\" alt=\"logo\" title=\"logo\" srcset=\"https:\/\/on-a-wall.com\/wp-content\/uploads\/2022\/12\/logo-150x150.png 150w, https:\/\/on-a-wall.com\/wp-content\/uploads\/2022\/12\/logo-430x428.png 430w, https:\/\/on-a-wall.com\/wp-content\/uploads\/2022\/12\/logo-700x697.png 700w, https:\/\/on-a-wall.com\/wp-content\/uploads\/2022\/12\/logo-301x300.png 301w, https:\/\/on-a-wall.com\/wp-content\/uploads\/2022\/12\/logo-803x800.png 803w, https:\/\/on-a-wall.com\/wp-content\/uploads\/2022\/12\/logo-768x765.png 768w, https:\/\/on-a-wall.com\/wp-content\/uploads\/2022\/12\/logo-860x857.png 860w, https:\/\/on-a-wall.com\/wp-content\/uploads\/2022\/12\/logo.png 1255w\" sizes=\"auto, (max-width: 150px) 100vw, 150px\" \/>\t\t\t\t\t\t\t\t\t\t\t\t\t\t\t\n\t\t\t\t\t\t\t<\/div>\n\t\t\t\t\t\t<\/div>\n\t\t\t\t\t\t\t\t\t\t<div class=\"info-box-content\">\n\t\t\t\t\t\t\t\t\t\t\t\t<div class=\"info-box-inner set-cont-mb-s reset-last-child\">\n\t\t\t\t\t\t\t<p><span class=\"list-content\">ul. D\u0142uga 8<\/span><\/p>\n<p><span class=\"list-content\">32-050 Borek Szlachecki<\/span><\/p>\n<p><img loading=\"lazy\" decoding=\"async\" title=\"wd-phone-dark\" src=\"https:\/\/on-a-wall.com\/wp-content\/uploads\/2021\/08\/wd-phone-dark.svg\" width=\"14\" height=\"14\" \/> <span class=\"list-content\">Phone: <a href=\"tel:+48794491978\">+48 794\u00a0491 978 <\/a><\/span><\/p>\n<p><img loading=\"lazy\" decoding=\"async\" title=\"wd-envelope-dark\" src=\"https:\/\/on-a-wall.com\/wp-content\/uploads\/2021\/08\/wd-envelope-dark.svg\" width=\"14\" height=\"14\" \/> <span class=\"list-content\">E-mail: <a href=\"mailto:sklep@on-a-wall.com\">sklep@on-a-wall.com<\/a><\/span><\/p>\n<div class=\"wpb_column vc_column_container vc_col-sm-12\">\n<div class=\"vc_column-inner\">\n<div class=\"wpb_wrapper\">\n<p>&nbsp;<\/p>\n<ul id=\"wd-639899136698b\" class=\"wd-rs-639899136698b wd-list wd-wpb color-scheme- wd-fontsize-xs wd-list-type-image wd-list-style-default wd-justify-left vc_custom_1670945064686\"><\/ul>\n<\/div>\n<\/div>\n<\/div>\n<p>&nbsp;<\/p>\n\t\t\t\t\t\t<\/div>\n\n\t\t\t\t\t\t\t\t\t\t\t<\/div>\n\n\t\t\t\t\t\t\t\t\t<\/div>\n\t\t\t<\/div>\n\t\t<\/div><\/div><\/div><\/div><div class=\"vc_row-full-width vc_clearfix\"><\/div><div class=\"vc_row wpb_row vc_row-fluid vc_custom_1496926452255 vc_row-o-equal-height vc_row-flex\"><div class=\"wpb_column vc_column_container vc_col-sm-12 vc_col-lg-6 vc_col-md-6 vc_col-has-fill\"><div class=\"vc_column-inner vc_custom_1496927710186\"><div class=\"wpb_wrapper\">\n\t\t<div id=\"wd-641c1fa8b8c04\" class=\"title-wrapper wd-wpb set-mb-s reset-last-child  wd-rs-641c1fa8b8c04 wd-title-color-default wd-title-style-default text-left  wd-underline-colored\">\n\t\t\t\n\t\t\t<div class=\"liner-continer\">\n\t\t\t\t<h4 class=\"woodmart-title-container title  wd-font-weight- wd-fontsize-l\" >Frequently Asked Questions<\/h4>\n\t\t\t\t\t\t\t<\/div>\n\t\t\t\n\t\t\t\n\t\t\t\n\t\t<\/div>\n\t\t\n\t\t\n\t\t<div id=\"wd-61825698b13f0\" class=\"wd-accordion wd-wpb wd-rs-61825698b13f0  wd-style-default\" data-state=\"first\">\n\t\t\t\t\t\t\t\n\t\t\t\t\n\t\t\t\t<div class=\"wd-accordion-item\">\n\t\t\t\t\t<div class=\"wd-accordion-title wd-active font-text wd-fontsize-s text-left wd-opener-pos-right wd-font-weight-600\" data-accordion-index=\"0\">\n\t\t\t\t\t\t<div class=\"wd-accordion-title-text\">\n\t\t\t\t\t\t\t\t\t\t\t\t\t\t<span>\n\t\t\t\t\t\t\t\tIs it possible to select a map of any city?\t\t\t\t\t\t\t<\/span>\n\t\t\t\t\t\t<\/div>\n\t\t\t\t\t\t<span class=\"wd-accordion-opener wd-opener-style-arrow\"><\/span>\n\t\t\t\t\t<\/div>\n\n\t\t\t\t\t<div class=\"wd-accordion-content reset-last-child wd-active\" data-accordion-index=\"0\">\n\t\t\t\t\t\t\t\t\t\t\t\t\t<p>Yes. We are able to prepare for you a map of any city in the world. All you have to do is provide us with the zip code, city name and county\/province (optional) in the order. In the case of foreign cities, please provide a detailed description of the city's location: country, postal code and other information that will allow us to prepare your dream map.<\/p>\n\t\t\t\t\t\t\t\t\t\t\t<\/div>\n\t\t\t\t<\/div>\n\t\t\t\t\t\t\t\n\t\t\t\t\n\t\t\t\t<div class=\"wd-accordion-item\">\n\t\t\t\t\t<div class=\"wd-accordion-title font-text wd-fontsize-s text-left wd-opener-pos-right wd-font-weight-600\" data-accordion-index=\"1\">\n\t\t\t\t\t\t<div class=\"wd-accordion-title-text\">\n\t\t\t\t\t\t\t\t\t\t\t\t\t\t<span>\n\t\t\t\t\t\t\t\tAre the products durable?\t\t\t\t\t\t\t<\/span>\n\t\t\t\t\t\t<\/div>\n\t\t\t\t\t\t<span class=\"wd-accordion-opener wd-opener-style-arrow\"><\/span>\n\t\t\t\t\t<\/div>\n\n\t\t\t\t\t<div class=\"wd-accordion-content reset-last-child\" data-accordion-index=\"1\">\n\t\t\t\t\t\t\t\t\t\t\t\t\t<p>We do everything to ensure that our products are of the highest quality. They are made of durable materials, and the components for their creation are selected by us with special care.<\/p>\n\t\t\t\t\t\t\t\t\t\t\t<\/div>\n\t\t\t\t<\/div>\n\t\t\t\t\t\t\t\n\t\t\t\t\n\t\t\t\t<div class=\"wd-accordion-item\">\n\t\t\t\t\t<div class=\"wd-accordion-title font-text wd-fontsize-s text-left wd-opener-pos-right wd-font-weight-600\" data-accordion-index=\"2\">\n\t\t\t\t\t\t<div class=\"wd-accordion-title-text\">\n\t\t\t\t\t\t\t\t\t\t\t\t\t\t<span>\n\t\t\t\t\t\t\t\tHow to mount the map on the wall?\t\t\t\t\t\t\t<\/span>\n\t\t\t\t\t\t<\/div>\n\t\t\t\t\t\t<span class=\"wd-accordion-opener wd-opener-style-arrow\"><\/span>\n\t\t\t\t\t<\/div>\n\n\t\t\t\t\t<div class=\"wd-accordion-content reset-last-child\" data-accordion-index=\"2\">\n\t\t\t\t\t\t\t\t\t\t\t\t\t<p>Depending on your needs, you can hang the map on the wall using sticky hooks that you can find in any DIY store. You can hang the clocks from our collection using traditional hooks screwed into the wall.<\/p>\n\t\t\t\t\t\t\t\t\t\t\t<\/div>\n\t\t\t\t<\/div>\n\t\t\t\t\t\t\t\n\t\t\t\t\n\t\t\t\t<div class=\"wd-accordion-item\">\n\t\t\t\t\t<div class=\"wd-accordion-title font-text wd-fontsize-s text-left wd-opener-pos-right wd-font-weight-600\" data-accordion-index=\"3\">\n\t\t\t\t\t\t<div class=\"wd-accordion-title-text\">\n\t\t\t\t\t\t\t\t\t\t\t\t\t\t<span>\n\t\t\t\t\t\t\t\tWhat are the payment methods?\t\t\t\t\t\t\t<\/span>\n\t\t\t\t\t\t<\/div>\n\t\t\t\t\t\t<span class=\"wd-accordion-opener wd-opener-style-arrow\"><\/span>\n\t\t\t\t\t<\/div>\n\n\t\t\t\t\t<div class=\"wd-accordion-content reset-last-child\" data-accordion-index=\"3\">\n\t\t\t\t\t\t\t\t\t\t\t\t\t<p>You can pay with us in two ways. At your disposal is a traditional transfer and PayPal.<\/p>\n\t\t\t\t\t\t\t\t\t\t\t<\/div>\n\t\t\t\t<\/div>\n\t\t\t\t\t\t\t\n\t\t\t\t\n\t\t\t\t<div class=\"wd-accordion-item\">\n\t\t\t\t\t<div class=\"wd-accordion-title font-text wd-fontsize-s text-left wd-opener-pos-right wd-font-weight-600\" data-accordion-index=\"4\">\n\t\t\t\t\t\t<div class=\"wd-accordion-title-text\">\n\t\t\t\t\t\t\t\t\t\t\t\t\t\t<span>\n\t\t\t\t\t\t\t\tWhat's the time of realisation?\t\t\t\t\t\t\t<\/span>\n\t\t\t\t\t\t<\/div>\n\t\t\t\t\t\t<span class=\"wd-accordion-opener wd-opener-style-arrow\"><\/span>\n\t\t\t\t\t<\/div>\n\n\t\t\t\t\t<div class=\"wd-accordion-content reset-last-child\" data-accordion-index=\"4\">\n\t\t\t\t\t\t\t\t\t\t\t\t\t<p>All maps and clocks are made to your order, therefore the delivery time is 7-10 days.<\/p>\n\t\t\t\t\t\t\t\t\t\t\t<\/div>\n\t\t\t\t<\/div>\n\t\t\t\t\t\t\t\n\t\t\t\t\n\t\t\t\t<div class=\"wd-accordion-item\">\n\t\t\t\t\t<div class=\"wd-accordion-title font-text wd-fontsize-s text-left wd-opener-pos-right wd-font-weight-600\" data-accordion-index=\"5\">\n\t\t\t\t\t\t<div class=\"wd-accordion-title-text\">\n\t\t\t\t\t\t\t\t\t\t\t\t\t\t<span>\n\t\t\t\t\t\t\t\tWhat is the type and method of shipping?\t\t\t\t\t\t\t<\/span>\n\t\t\t\t\t\t<\/div>\n\t\t\t\t\t\t<span class=\"wd-accordion-opener wd-opener-style-arrow\"><\/span>\n\t\t\t\t\t<\/div>\n\n\t\t\t\t\t<div class=\"wd-accordion-content reset-last-child\" data-accordion-index=\"5\">\n\t\t\t\t\t\t\t\t\t\t\t\t\t<p>We send our products using the DPD courier company. the products are carefully packed, thanks to which we are sure that they will reach you in perfect condition.<\/p>\n\t\t\t\t\t\t\t\t\t\t\t<\/div>\n\t\t\t\t<\/div>\n\t\t\t\t\t\t\t\t\t\t\t\t\t\t<\/div>\n\n\t\t<\/div><\/div><\/div><div class=\"wpb_column vc_column_container vc_col-sm-12 vc_col-lg-6 vc_col-md-6\"><div class=\"vc_column-inner vc_custom_1496927688909\"><div class=\"wpb_wrapper\">\n\t\t<div id=\"wd-641c246dac3e0\" class=\"title-wrapper wd-wpb set-mb-s reset-last-child  wd-rs-641c246dac3e0 wd-title-color-default wd-title-style-default text-left  wd-underline-colored\">\n\t\t\t\n\t\t\t<div class=\"liner-continer\">\n\t\t\t\t<h4 class=\"woodmart-title-container title  wd-font-weight- wd-fontsize-l\" >Write to us<\/h4>\n\t\t\t\t\t\t\t<\/div>\n\t\t\t\n\t\t\t\n\t\t\t\n\t\t<\/div>\n\t\t\n\t\t\n<div class=\"wpcf7 no-js\" id=\"wpcf7-f1938-o1\" lang=\"en-US\" dir=\"ltr\" data-wpcf7-id=\"1938\">\n<div class=\"screen-reader-response\"><p role=\"status\" aria-live=\"polite\" aria-atomic=\"true\"><\/p> <ul><\/ul><\/div>\n<form action=\"\/en\/wp-json\/wp\/v2\/pages\/5288#wpcf7-f1938-o1\" method=\"post\" class=\"wpcf7-form init\" aria-label=\"Contact form\" novalidate=\"novalidate\" data-status=\"init\" data-trp-original-action=\"\/en\/wp-json\/wp\/v2\/pages\/5288#wpcf7-f1938-o1\">\n<fieldset class=\"hidden-fields-container\"><input type=\"hidden\" name=\"_wpcf7\" value=\"1938\" \/><input type=\"hidden\" name=\"_wpcf7_version\" value=\"6.1.4\" \/><input type=\"hidden\" name=\"_wpcf7_locale\" value=\"en_US\" \/><input type=\"hidden\" name=\"_wpcf7_unit_tag\" value=\"wpcf7-f1938-o1\" \/><input type=\"hidden\" name=\"_wpcf7_container_post\" value=\"0\" \/><input type=\"hidden\" name=\"_wpcf7_posted_data_hash\" value=\"\" \/>\n<\/fieldset>\n<div class=\"row\">\n\t<p class=\"col-md-6\"><label>Name<\/label><span class=\"wpcf7-form-control-wrap\" data-name=\"your-name\"><input size=\"40\" maxlength=\"400\" class=\"wpcf7-form-control wpcf7-text wpcf7-validates-as-required\" aria-required=\"true\" aria-invalid=\"false\" value=\"\" type=\"text\" name=\"your-name\" \/><\/span>\n\t<\/p>\n\t<p class=\"col-md-6\"><label>E-mail address<\/label><span class=\"wpcf7-form-control-wrap\" data-name=\"your-email\"><input size=\"40\" maxlength=\"400\" class=\"wpcf7-form-control wpcf7-email wpcf7-validates-as-required wpcf7-text wpcf7-validates-as-email\" aria-required=\"true\" aria-invalid=\"false\" value=\"\" type=\"email\" name=\"your-email\" \/><\/span>\n\t<\/p>\n<\/div>\n<div class=\"row\">\n\t<p class=\"col-md-6\"><label>Phone number<\/label><span class=\"wpcf7-form-control-wrap\" data-name=\"tel-767\"><input size=\"40\" maxlength=\"400\" class=\"wpcf7-form-control wpcf7-tel wpcf7-text wpcf7-validates-as-tel\" aria-invalid=\"false\" value=\"\" type=\"tel\" name=\"tel-767\" \/><\/span>\n\t<\/p>\n\t<p class=\"col-md-6\"><label>Company (if you represent one)<\/label><span class=\"wpcf7-form-control-wrap\" data-name=\"text-1\"><input size=\"40\" maxlength=\"400\" class=\"wpcf7-form-control wpcf7-text\" aria-invalid=\"false\" value=\"\" type=\"text\" name=\"text-1\" \/><\/span>\n\t<\/p>\n<\/div>\n<p><label>Your message<\/label><span class=\"wpcf7-form-control-wrap\" data-name=\"your-message\"><textarea cols=\"40\" rows=\"10\" maxlength=\"2000\" class=\"wpcf7-form-control wpcf7-textarea\" aria-invalid=\"false\" name=\"your-message\"><\/textarea><\/span>\n<\/p>\n<p><br \/>\n<span class=\"wpcf7-form-control-wrap\" data-name=\"acceptance-316\"><span class=\"wpcf7-form-control wpcf7-acceptance\"><span class=\"wpcf7-list-item\"><label><input type=\"checkbox\" name=\"acceptance-316\" value=\"1\" aria-invalid=\"false\" \/><span class=\"wpcf7-list-item-label\">I have read <a href=\"\/en\/<\/?= get_permalink(3); ?>\" style=\"font-weight: 600;\">the privacy policy<\/a> and agree to the processing of my personal data for the purpose of answering the question.<\/span><\/label><\/span><\/span><\/span><br \/>\n<input class=\"wpcf7-form-control wpcf7-submit has-spinner btn-color-black\" type=\"submit\" value=\"SEND\" \/>\n<\/p><div class=\"wpcf7-response-output\" aria-hidden=\"true\"><\/div>\n<input type=\"hidden\" name=\"trp-form-language\" value=\"en\"\/><\/form>\n<\/div>\n<\/div><\/div><\/div><\/div>\n<\/section>","protected":false},"excerpt":{"rendered":"ul. D\u0142uga 8 32-050 Borek Szlachecki Telefon: +48 794\u00a0491 978 E-mail: sklep@on-a-wall.com &nbsp; &nbsp; Najcz\u0119\u015bciej zadawane pytania Czy jest mo\u017cliwo\u015b\u0107","protected":false},"author":1,"featured_media":0,"parent":0,"menu_order":0,"comment_status":"closed","ping_status":"closed","template":"","meta":{"_acf_changed":false,"footnotes":""},"class_list":["post-5288","page","type-page","status-publish","hentry"],"acf":[],"yoast_head":"<!-- This site is optimized with the Yoast SEO plugin v26.8 - https:\/\/yoast.com\/product\/yoast-seo-wordpress\/ -->\n<title>Kontakt - On A Wall - Na \u015acian\u0119<\/title>\n<meta name=\"robots\" content=\"index, follow, max-snippet:-1, max-image-preview:large, max-video-preview:-1\" \/>\n<link rel=\"canonical\" href=\"https:\/\/on-a-wall.com\/en\/kontakt\/\" \/>\n<meta property=\"og:locale\" content=\"en_US\" \/>\n<meta property=\"og:type\" content=\"article\" \/>\n<meta property=\"og:title\" content=\"Kontakt - On A Wall - Na \u015acian\u0119\" \/>\n<meta property=\"og:url\" content=\"https:\/\/on-a-wall.com\/en\/kontakt\/\" \/>\n<meta property=\"og:site_name\" content=\"On A Wall - Na \u015acian\u0119\" \/>\n<meta property=\"article:modified_time\" content=\"2023-04-19T13:25:12+00:00\" \/>\n<meta property=\"og:image\" content=\"https:\/\/on-a-wall.com\/wp-content\/uploads\/2021\/08\/wd-phone-dark.svg\" \/>\n<meta name=\"twitter:card\" content=\"summary_large_image\" \/>\n<meta name=\"twitter:label1\" content=\"Est. reading time\" \/>\n\t<meta name=\"twitter:data1\" content=\"4 minutes\" \/>\n<script type=\"application\/ld+json\" class=\"yoast-schema-graph\">{\"@context\":\"https:\/\/schema.org\",\"@graph\":[{\"@type\":\"WebPage\",\"@id\":\"https:\/\/on-a-wall.com\/kontakt\/\",\"url\":\"https:\/\/on-a-wall.com\/kontakt\/\",\"name\":\"Kontakt - On A Wall - Na \u015acian\u0119\",\"isPartOf\":{\"@id\":\"https:\/\/on-a-wall.com\/#website\"},\"primaryImageOfPage\":{\"@id\":\"https:\/\/on-a-wall.com\/kontakt\/#primaryimage\"},\"image\":{\"@id\":\"https:\/\/on-a-wall.com\/kontakt\/#primaryimage\"},\"thumbnailUrl\":\"https:\/\/on-a-wall.com\/wp-content\/uploads\/2021\/08\/wd-phone-dark.svg\",\"datePublished\":\"2021-08-25T07:00:10+00:00\",\"dateModified\":\"2023-04-19T13:25:12+00:00\",\"breadcrumb\":{\"@id\":\"https:\/\/on-a-wall.com\/kontakt\/#breadcrumb\"},\"inLanguage\":\"en-US\",\"potentialAction\":[{\"@type\":\"ReadAction\",\"target\":[\"https:\/\/on-a-wall.com\/kontakt\/\"]}]},{\"@type\":\"ImageObject\",\"inLanguage\":\"en-US\",\"@id\":\"https:\/\/on-a-wall.com\/kontakt\/#primaryimage\",\"url\":\"https:\/\/on-a-wall.com\/wp-content\/uploads\/2021\/08\/wd-phone-dark.svg\",\"contentUrl\":\"https:\/\/on-a-wall.com\/wp-content\/uploads\/2021\/08\/wd-phone-dark.svg\"},{\"@type\":\"BreadcrumbList\",\"@id\":\"https:\/\/on-a-wall.com\/kontakt\/#breadcrumb\",\"itemListElement\":[{\"@type\":\"ListItem\",\"position\":1,\"name\":\"Strona g\u0142\u00f3wna\",\"item\":\"https:\/\/on-a-wall.com\/\"},{\"@type\":\"ListItem\",\"position\":2,\"name\":\"Kontakt\"}]},{\"@type\":\"WebSite\",\"@id\":\"https:\/\/on-a-wall.com\/#website\",\"url\":\"https:\/\/on-a-wall.com\/\",\"name\":\"On A Wall - Na \u015acian\u0119\",\"description\":\"\",\"potentialAction\":[{\"@type\":\"SearchAction\",\"target\":{\"@type\":\"EntryPoint\",\"urlTemplate\":\"https:\/\/on-a-wall.com\/?s={search_term_string}\"},\"query-input\":{\"@type\":\"PropertyValueSpecification\",\"valueRequired\":true,\"valueName\":\"search_term_string\"}}],\"inLanguage\":\"en-US\"}]}<\/script>\n<!-- \/ Yoast SEO plugin. -->","yoast_head_json":{"title":"Kontakt - On A Wall - Na \u015acian\u0119","robots":{"index":"index","follow":"follow","max-snippet":"max-snippet:-1","max-image-preview":"max-image-preview:large","max-video-preview":"max-video-preview:-1"},"canonical":"https:\/\/on-a-wall.com\/en\/kontakt\/","og_locale":"en_US","og_type":"article","og_title":"Kontakt - On A Wall - Na \u015acian\u0119","og_url":"https:\/\/on-a-wall.com\/en\/kontakt\/","og_site_name":"On A Wall - Na \u015acian\u0119","article_modified_time":"2023-04-19T13:25:12+00:00","og_image":[{"url":"https:\/\/on-a-wall.com\/wp-content\/uploads\/2021\/08\/wd-phone-dark.svg","type":"","width":"","height":""}],"twitter_card":"summary_large_image","twitter_misc":{"Est. reading time":"4 minutes"},"schema":{"@context":"https:\/\/schema.org","@graph":[{"@type":"WebPage","@id":"https:\/\/on-a-wall.com\/kontakt\/","url":"https:\/\/on-a-wall.com\/kontakt\/","name":"Kontakt - On A Wall - Na \u015acian\u0119","isPartOf":{"@id":"https:\/\/on-a-wall.com\/#website"},"primaryImageOfPage":{"@id":"https:\/\/on-a-wall.com\/kontakt\/#primaryimage"},"image":{"@id":"https:\/\/on-a-wall.com\/kontakt\/#primaryimage"},"thumbnailUrl":"https:\/\/on-a-wall.com\/wp-content\/uploads\/2021\/08\/wd-phone-dark.svg","datePublished":"2021-08-25T07:00:10+00:00","dateModified":"2023-04-19T13:25:12+00:00","breadcrumb":{"@id":"https:\/\/on-a-wall.com\/kontakt\/#breadcrumb"},"inLanguage":"en-US","potentialAction":[{"@type":"ReadAction","target":["https:\/\/on-a-wall.com\/kontakt\/"]}]},{"@type":"ImageObject","inLanguage":"en-US","@id":"https:\/\/on-a-wall.com\/kontakt\/#primaryimage","url":"https:\/\/on-a-wall.com\/wp-content\/uploads\/2021\/08\/wd-phone-dark.svg","contentUrl":"https:\/\/on-a-wall.com\/wp-content\/uploads\/2021\/08\/wd-phone-dark.svg"},{"@type":"BreadcrumbList","@id":"https:\/\/on-a-wall.com\/kontakt\/#breadcrumb","itemListElement":[{"@type":"ListItem","position":1,"name":"Strona g\u0142\u00f3wna","item":"https:\/\/on-a-wall.com\/"},{"@type":"ListItem","position":2,"name":"Kontakt"}]},{"@type":"WebSite","@id":"https:\/\/on-a-wall.com\/#website","url":"https:\/\/on-a-wall.com\/","name":"On A Wall - Na \u015acian\u0119","description":"","potentialAction":[{"@type":"SearchAction","target":{"@type":"EntryPoint","urlTemplate":"https:\/\/on-a-wall.com\/?s={search_term_string}"},"query-input":{"@type":"PropertyValueSpecification","valueRequired":true,"valueName":"search_term_string"}}],"inLanguage":"en-US"}]}},"_links":{"self":[{"href":"https:\/\/on-a-wall.com\/en\/wp-json\/wp\/v2\/pages\/5288","targetHints":{"allow":["GET"]}}],"collection":[{"href":"https:\/\/on-a-wall.com\/en\/wp-json\/wp\/v2\/pages"}],"about":[{"href":"https:\/\/on-a-wall.com\/en\/wp-json\/wp\/v2\/types\/page"}],"author":[{"embeddable":true,"href":"https:\/\/on-a-wall.com\/en\/wp-json\/wp\/v2\/users\/1"}],"replies":[{"embeddable":true,"href":"https:\/\/on-a-wall.com\/en\/wp-json\/wp\/v2\/comments?post=5288"}],"version-history":[{"count":13,"href":"https:\/\/on-a-wall.com\/en\/wp-json\/wp\/v2\/pages\/5288\/revisions"}],"predecessor-version":[{"id":7477,"href":"https:\/\/on-a-wall.com\/en\/wp-json\/wp\/v2\/pages\/5288\/revisions\/7477"}],"wp:attachment":[{"href":"https:\/\/on-a-wall.com\/en\/wp-json\/wp\/v2\/media?parent=5288"}],"curies":[{"name":"wp","href":"https:\/\/api.w.org\/{rel}","templated":true}]}}