{"id":7654,"date":"2024-04-17T12:18:21","date_gmt":"2024-04-17T10:18:21","guid":{"rendered":"https:\/\/on-a-wall.com\/?post_type=product&#038;p=7654"},"modified":"2024-04-17T12:46:32","modified_gmt":"2024-04-17T10:46:32","slug":"zlota-mapa-z-warstwa-klejaca","status":"publish","type":"product","link":"https:\/\/on-a-wall.com\/de\/produkt\/zlota-mapa-z-warstwa-klejaca\/","title":{"rendered":"Goldkarte mit Klebeschicht"},"content":{"rendered":"<p>Unsere einzigartigen Goldkarten sind nicht nur sch\u00f6n, sondern dank einer innovativen L\u00f6sung \u2013 einer Klebeschicht \u2013 auch einfach aufzuh\u00e4ngen. Jetzt k\u00f6nnen Sie die Karte an die Wand h\u00e4ngen, ohne zus\u00e4tzliche Befestigungen wie Tesa-Flicken usw. verwenden zu m\u00fcssen.<\/p>\n<p><em>Bei der Wahl der gr\u00f6\u00dften Gr\u00f6\u00dfe (aufgrund des Gewichts) empfiehlt es sich, zus\u00e4tzlich tesa Putze zu verwenden, um die Haftung der Klebeschicht an der Wand zu verst\u00e4rken.<\/em><\/p>\n<p>Die von uns angebotenen Karten bestehen aus steifem Gold-\/Silbermaterial mit einem aufgedruckten Stadtplan Ihrer Stadt.<\/p>\n<p>Es ist m\u00f6glich, eine Karte vertikal zu erstellen. Letztendlich wird es horizontal ausgef\u00fchrt.<\/p>","protected":false},"excerpt":{"rendered":"<p>Nasze unikalne mapy s\u0105 nie tylko pi\u0119kne, ale tak\u017ce \u0142atwe do zawieszenia dzi\u0119ki innowacyjnemu rozwi\u0105zaniu \u2013 warstwie klej\u0105cej. Teraz mo\u017cesz<\/p>","protected":false},"featured_media":7655,"template":"","meta":{"_acf_changed":false},"product_brand":[],"product_cat":[21],"product_tag":[],"class_list":{"0":"post-7654","1":"product","2":"type-product","3":"status-publish","4":"has-post-thumbnail","6":"product_cat-mapy","8":"first","9":"instock","10":"taxable","11":"shipping-taxable","12":"purchasable","13":"product-type-variable"},"acf":[],"yoast_head":"<!-- This site is optimized with the Yoast SEO plugin v26.8 - https:\/\/yoast.com\/product\/yoast-seo-wordpress\/ -->\n<title>Z\u0142ota mapa z warstw\u0105 klej\u0105c\u0105 - On A Wall - Na \u015acian\u0119<\/title>\n<meta name=\"robots\" content=\"index, follow, max-snippet:-1, max-image-preview:large, max-video-preview:-1\" \/>\n<link rel=\"canonical\" href=\"https:\/\/on-a-wall.com\/de\/produkt\/zlota-mapa-z-warstwa-klejaca\/\" \/>\n<meta property=\"og:locale\" content=\"de_DE\" \/>\n<meta property=\"og:type\" content=\"article\" \/>\n<meta property=\"og:title\" content=\"Z\u0142ota mapa z warstw\u0105 klej\u0105c\u0105 - On A Wall - Na \u015acian\u0119\" \/>\n<meta property=\"og:description\" content=\"Nasze unikalne mapy s\u0105 nie tylko pi\u0119kne, ale tak\u017ce \u0142atwe do zawieszenia dzi\u0119ki innowacyjnemu rozwi\u0105zaniu \u2013 warstwie klej\u0105cej. Teraz mo\u017cesz\" \/>\n<meta property=\"og:url\" content=\"https:\/\/on-a-wall.com\/de\/produkt\/zlota-mapa-z-warstwa-klejaca\/\" \/>\n<meta property=\"og:site_name\" content=\"On A Wall - Na \u015acian\u0119\" \/>\n<meta property=\"article:modified_time\" content=\"2024-04-17T10:46:32+00:00\" \/>\n<meta property=\"og:image\" content=\"https:\/\/on-a-wall.com\/wp-content\/uploads\/2024\/04\/szczecin-scaled.jpg\" \/>\n\t<meta property=\"og:image:width\" content=\"2560\" \/>\n\t<meta property=\"og:image:height\" content=\"1666\" \/>\n\t<meta property=\"og:image:type\" content=\"image\/jpeg\" \/>\n<meta name=\"twitter:card\" content=\"summary_large_image\" \/>\n<meta name=\"twitter:label1\" content=\"Gesch\u00e4tzte Lesezeit\" \/>\n\t<meta name=\"twitter:data1\" content=\"1\u00a0Minute\" \/>\n<script type=\"application\/ld+json\" class=\"yoast-schema-graph\">{\"@context\":\"https:\/\/schema.org\",\"@graph\":[{\"@type\":\"WebPage\",\"@id\":\"https:\/\/on-a-wall.com\/produkt\/zlota-mapa-z-warstwa-klejaca\/\",\"url\":\"https:\/\/on-a-wall.com\/produkt\/zlota-mapa-z-warstwa-klejaca\/\",\"name\":\"Z\u0142ota mapa z warstw\u0105 klej\u0105c\u0105 - On A Wall - Na \u015acian\u0119\",\"isPartOf\":{\"@id\":\"https:\/\/on-a-wall.com\/#website\"},\"primaryImageOfPage\":{\"@id\":\"https:\/\/on-a-wall.com\/produkt\/zlota-mapa-z-warstwa-klejaca\/#primaryimage\"},\"image\":{\"@id\":\"https:\/\/on-a-wall.com\/produkt\/zlota-mapa-z-warstwa-klejaca\/#primaryimage\"},\"thumbnailUrl\":\"https:\/\/on-a-wall.com\/wp-content\/uploads\/2024\/04\/szczecin-scaled.jpg\",\"datePublished\":\"2024-04-17T10:18:21+00:00\",\"dateModified\":\"2024-04-17T10:46:32+00:00\",\"breadcrumb\":{\"@id\":\"https:\/\/on-a-wall.com\/produkt\/zlota-mapa-z-warstwa-klejaca\/#breadcrumb\"},\"inLanguage\":\"de\",\"potentialAction\":[{\"@type\":\"ReadAction\",\"target\":[\"https:\/\/on-a-wall.com\/produkt\/zlota-mapa-z-warstwa-klejaca\/\"]}]},{\"@type\":\"ImageObject\",\"inLanguage\":\"de\",\"@id\":\"https:\/\/on-a-wall.com\/produkt\/zlota-mapa-z-warstwa-klejaca\/#primaryimage\",\"url\":\"https:\/\/on-a-wall.com\/wp-content\/uploads\/2024\/04\/szczecin-scaled.jpg\",\"contentUrl\":\"https:\/\/on-a-wall.com\/wp-content\/uploads\/2024\/04\/szczecin-scaled.jpg\",\"width\":2560,\"height\":1666},{\"@type\":\"BreadcrumbList\",\"@id\":\"https:\/\/on-a-wall.com\/produkt\/zlota-mapa-z-warstwa-klejaca\/#breadcrumb\",\"itemListElement\":[{\"@type\":\"ListItem\",\"position\":1,\"name\":\"Strona g\u0142\u00f3wna\",\"item\":\"https:\/\/on-a-wall.com\/\"},{\"@type\":\"ListItem\",\"position\":2,\"name\":\"Sklep\",\"item\":\"https:\/\/on-a-wall.com\/sklep\/\"},{\"@type\":\"ListItem\",\"position\":3,\"name\":\"Z\u0142ota mapa z warstw\u0105 klej\u0105c\u0105\"}]},{\"@type\":\"WebSite\",\"@id\":\"https:\/\/on-a-wall.com\/#website\",\"url\":\"https:\/\/on-a-wall.com\/\",\"name\":\"On A Wall - Na \u015acian\u0119\",\"description\":\"\",\"potentialAction\":[{\"@type\":\"SearchAction\",\"target\":{\"@type\":\"EntryPoint\",\"urlTemplate\":\"https:\/\/on-a-wall.com\/?s={search_term_string}\"},\"query-input\":{\"@type\":\"PropertyValueSpecification\",\"valueRequired\":true,\"valueName\":\"search_term_string\"}}],\"inLanguage\":\"de\"}]}<\/script>\n<!-- \/ Yoast SEO plugin. -->","yoast_head_json":{"title":"Z\u0142ota mapa z warstw\u0105 klej\u0105c\u0105 - On A Wall - Na \u015acian\u0119","robots":{"index":"index","follow":"follow","max-snippet":"max-snippet:-1","max-image-preview":"max-image-preview:large","max-video-preview":"max-video-preview:-1"},"canonical":"https:\/\/on-a-wall.com\/de\/produkt\/zlota-mapa-z-warstwa-klejaca\/","og_locale":"de_DE","og_type":"article","og_title":"Z\u0142ota mapa z warstw\u0105 klej\u0105c\u0105 - On A Wall - Na \u015acian\u0119","og_description":"Nasze unikalne mapy s\u0105 nie tylko pi\u0119kne, ale tak\u017ce \u0142atwe do zawieszenia dzi\u0119ki innowacyjnemu rozwi\u0105zaniu \u2013 warstwie klej\u0105cej. Teraz mo\u017cesz","og_url":"https:\/\/on-a-wall.com\/de\/produkt\/zlota-mapa-z-warstwa-klejaca\/","og_site_name":"On A Wall - Na \u015acian\u0119","article_modified_time":"2024-04-17T10:46:32+00:00","og_image":[{"width":2560,"height":1666,"url":"https:\/\/on-a-wall.com\/wp-content\/uploads\/2024\/04\/szczecin-scaled.jpg","type":"image\/jpeg"}],"twitter_card":"summary_large_image","twitter_misc":{"Gesch\u00e4tzte Lesezeit":"1\u00a0Minute"},"schema":{"@context":"https:\/\/schema.org","@graph":[{"@type":"WebPage","@id":"https:\/\/on-a-wall.com\/produkt\/zlota-mapa-z-warstwa-klejaca\/","url":"https:\/\/on-a-wall.com\/produkt\/zlota-mapa-z-warstwa-klejaca\/","name":"Z\u0142ota mapa z warstw\u0105 klej\u0105c\u0105 - On A Wall - Na \u015acian\u0119","isPartOf":{"@id":"https:\/\/on-a-wall.com\/#website"},"primaryImageOfPage":{"@id":"https:\/\/on-a-wall.com\/produkt\/zlota-mapa-z-warstwa-klejaca\/#primaryimage"},"image":{"@id":"https:\/\/on-a-wall.com\/produkt\/zlota-mapa-z-warstwa-klejaca\/#primaryimage"},"thumbnailUrl":"https:\/\/on-a-wall.com\/wp-content\/uploads\/2024\/04\/szczecin-scaled.jpg","datePublished":"2024-04-17T10:18:21+00:00","dateModified":"2024-04-17T10:46:32+00:00","breadcrumb":{"@id":"https:\/\/on-a-wall.com\/produkt\/zlota-mapa-z-warstwa-klejaca\/#breadcrumb"},"inLanguage":"de","potentialAction":[{"@type":"ReadAction","target":["https:\/\/on-a-wall.com\/produkt\/zlota-mapa-z-warstwa-klejaca\/"]}]},{"@type":"ImageObject","inLanguage":"de","@id":"https:\/\/on-a-wall.com\/produkt\/zlota-mapa-z-warstwa-klejaca\/#primaryimage","url":"https:\/\/on-a-wall.com\/wp-content\/uploads\/2024\/04\/szczecin-scaled.jpg","contentUrl":"https:\/\/on-a-wall.com\/wp-content\/uploads\/2024\/04\/szczecin-scaled.jpg","width":2560,"height":1666},{"@type":"BreadcrumbList","@id":"https:\/\/on-a-wall.com\/produkt\/zlota-mapa-z-warstwa-klejaca\/#breadcrumb","itemListElement":[{"@type":"ListItem","position":1,"name":"Strona g\u0142\u00f3wna","item":"https:\/\/on-a-wall.com\/"},{"@type":"ListItem","position":2,"name":"Sklep","item":"https:\/\/on-a-wall.com\/sklep\/"},{"@type":"ListItem","position":3,"name":"Z\u0142ota mapa z warstw\u0105 klej\u0105c\u0105"}]},{"@type":"WebSite","@id":"https:\/\/on-a-wall.com\/#website","url":"https:\/\/on-a-wall.com\/","name":"On A Wall - Na \u015acian\u0119","description":"","potentialAction":[{"@type":"SearchAction","target":{"@type":"EntryPoint","urlTemplate":"https:\/\/on-a-wall.com\/?s={search_term_string}"},"query-input":{"@type":"PropertyValueSpecification","valueRequired":true,"valueName":"search_term_string"}}],"inLanguage":"de"}]}},"_links":{"self":[{"href":"https:\/\/on-a-wall.com\/de\/wp-json\/wp\/v2\/product\/7654","targetHints":{"allow":["GET"]}}],"collection":[{"href":"https:\/\/on-a-wall.com\/de\/wp-json\/wp\/v2\/product"}],"about":[{"href":"https:\/\/on-a-wall.com\/de\/wp-json\/wp\/v2\/types\/product"}],"wp:featuredmedia":[{"embeddable":true,"href":"https:\/\/on-a-wall.com\/de\/wp-json\/wp\/v2\/media\/7655"}],"wp:attachment":[{"href":"https:\/\/on-a-wall.com\/de\/wp-json\/wp\/v2\/media?parent=7654"}],"wp:term":[{"taxonomy":"product_brand","embeddable":true,"href":"https:\/\/on-a-wall.com\/de\/wp-json\/wp\/v2\/product_brand?post=7654"},{"taxonomy":"product_cat","embeddable":true,"href":"https:\/\/on-a-wall.com\/de\/wp-json\/wp\/v2\/product_cat?post=7654"},{"taxonomy":"product_tag","embeddable":true,"href":"https:\/\/on-a-wall.com\/de\/wp-json\/wp\/v2\/product_tag?post=7654"}],"curies":[{"name":"wp","href":"https:\/\/api.w.org\/{rel}","templated":true}]}}