{"id":7524,"date":"2023-04-20T11:46:07","date_gmt":"2023-04-20T09:46:07","guid":{"rendered":"https:\/\/on-a-wall.com\/?post_type=product&#038;p=7524"},"modified":"2023-06-05T13:19:44","modified_gmt":"2023-06-05T11:19:44","slug":"zegar-model-nr-7","status":"publish","type":"product","link":"https:\/\/on-a-wall.com\/de\/produkt\/zegar-model-nr-7\/","title":{"rendered":"Uhrmodell Nr.7"},"content":{"rendered":"<p>Uhren aus unzerbrechlichem Spiegelacryl (Gold, Silber) oder Schwarz (gl\u00e4nzendes Plexiglas). Im Vergleich zu einem klassischen Spiegel ist er viel leichter.<\/p>\n<p><strong>Produktdetails:<\/strong><\/p>\n<ul>\n<li>Materialien: Spiegelacryl\/Plexiglas<\/li>\n<li>Quarzwerk, schwebend, ger\u00e4uschlos<\/li>\n<li>Zifferblattst\u00e4rke: 3 mm<\/li>\n<li>Zeiger: Metall<\/li>\n<li>Stromversorgung: AA-Batterie (nicht im Lieferumfang enthalten)<\/li>\n<\/ul>\n<p><strong>Lieferzeit:<\/strong><br \/>\nDie Uhr wird auf Bestellung gefertigt und die Lieferzeit betr\u00e4gt 7-10 Werktage ab Kauf.<\/p>","protected":false},"excerpt":{"rendered":"<p>Uhren aus unzerbrechlichem Spiegelacryl (Gold, Silber) oder Schwarz (gl\u00e4nzendes Plexiglas). Im Vergleich zu einem klassischen Spiegel ist er viel leichter.<\/p>","protected":false},"featured_media":7472,"template":"","meta":{"_acf_changed":false},"product_brand":[],"product_cat":[33],"product_tag":[],"class_list":{"0":"post-7524","1":"product","2":"type-product","3":"status-publish","4":"has-post-thumbnail","6":"product_cat-zegary","8":"first","9":"instock","10":"taxable","11":"shipping-taxable","12":"purchasable","13":"product-type-variable"},"acf":[],"yoast_head":"<!-- This site is optimized with the Yoast SEO plugin v26.8 - https:\/\/yoast.com\/product\/yoast-seo-wordpress\/ -->\n<title>Zegar model nr 7 - On A Wall - Na \u015acian\u0119<\/title>\n<meta name=\"robots\" content=\"index, follow, max-snippet:-1, max-image-preview:large, max-video-preview:-1\" \/>\n<link rel=\"canonical\" href=\"https:\/\/on-a-wall.com\/de\/produkt\/zegar-model-nr-7\/\" \/>\n<meta property=\"og:locale\" content=\"de_DE\" \/>\n<meta property=\"og:type\" content=\"article\" \/>\n<meta property=\"og:title\" content=\"Zegar model nr 7 - On A Wall - Na \u015acian\u0119\" \/>\n<meta property=\"og:description\" content=\"Zegary wykonane z niet\u0142uk\u0105cego akrylu lustrzanego (z\u0142oty, srebrny) lub czarny (pleksi b\u0142yszcz\u0105ce). Jest znacznie l\u017cejsze w por\u00f3wnaniu do klasycznego lustra.\" \/>\n<meta property=\"og:url\" content=\"https:\/\/on-a-wall.com\/de\/produkt\/zegar-model-nr-7\/\" \/>\n<meta property=\"og:site_name\" content=\"On A Wall - Na \u015acian\u0119\" \/>\n<meta property=\"article:modified_time\" content=\"2023-06-05T11:19:44+00:00\" \/>\n<meta property=\"og:image\" content=\"https:\/\/on-a-wall.com\/wp-content\/uploads\/2023\/03\/DSC_5044-kopia-1-scaled.jpg\" \/>\n\t<meta property=\"og:image:width\" content=\"2560\" \/>\n\t<meta property=\"og:image:height\" content=\"1732\" \/>\n\t<meta property=\"og:image:type\" content=\"image\/jpeg\" \/>\n<meta name=\"twitter:card\" content=\"summary_large_image\" \/>\n<meta name=\"twitter:label1\" content=\"Gesch\u00e4tzte Lesezeit\" \/>\n\t<meta name=\"twitter:data1\" content=\"1\u00a0Minute\" \/>\n<script type=\"application\/ld+json\" class=\"yoast-schema-graph\">{\"@context\":\"https:\/\/schema.org\",\"@graph\":[{\"@type\":\"WebPage\",\"@id\":\"https:\/\/on-a-wall.com\/produkt\/zegar-model-nr-7\/\",\"url\":\"https:\/\/on-a-wall.com\/produkt\/zegar-model-nr-7\/\",\"name\":\"Zegar model nr 7 - On A Wall - Na \u015acian\u0119\",\"isPartOf\":{\"@id\":\"https:\/\/on-a-wall.com\/#website\"},\"primaryImageOfPage\":{\"@id\":\"https:\/\/on-a-wall.com\/produkt\/zegar-model-nr-7\/#primaryimage\"},\"image\":{\"@id\":\"https:\/\/on-a-wall.com\/produkt\/zegar-model-nr-7\/#primaryimage\"},\"thumbnailUrl\":\"https:\/\/on-a-wall.com\/wp-content\/uploads\/2023\/03\/DSC_5044-kopia-1-scaled.jpg\",\"datePublished\":\"2023-04-20T09:46:07+00:00\",\"dateModified\":\"2023-06-05T11:19:44+00:00\",\"breadcrumb\":{\"@id\":\"https:\/\/on-a-wall.com\/produkt\/zegar-model-nr-7\/#breadcrumb\"},\"inLanguage\":\"de\",\"potentialAction\":[{\"@type\":\"ReadAction\",\"target\":[\"https:\/\/on-a-wall.com\/produkt\/zegar-model-nr-7\/\"]}]},{\"@type\":\"ImageObject\",\"inLanguage\":\"de\",\"@id\":\"https:\/\/on-a-wall.com\/produkt\/zegar-model-nr-7\/#primaryimage\",\"url\":\"https:\/\/on-a-wall.com\/wp-content\/uploads\/2023\/03\/DSC_5044-kopia-1-scaled.jpg\",\"contentUrl\":\"https:\/\/on-a-wall.com\/wp-content\/uploads\/2023\/03\/DSC_5044-kopia-1-scaled.jpg\",\"width\":2560,\"height\":1732},{\"@type\":\"BreadcrumbList\",\"@id\":\"https:\/\/on-a-wall.com\/produkt\/zegar-model-nr-7\/#breadcrumb\",\"itemListElement\":[{\"@type\":\"ListItem\",\"position\":1,\"name\":\"Strona g\u0142\u00f3wna\",\"item\":\"https:\/\/on-a-wall.com\/\"},{\"@type\":\"ListItem\",\"position\":2,\"name\":\"Sklep\",\"item\":\"https:\/\/on-a-wall.com\/sklep\/\"},{\"@type\":\"ListItem\",\"position\":3,\"name\":\"Zegar model nr 7\"}]},{\"@type\":\"WebSite\",\"@id\":\"https:\/\/on-a-wall.com\/#website\",\"url\":\"https:\/\/on-a-wall.com\/\",\"name\":\"On A Wall - Na \u015acian\u0119\",\"description\":\"\",\"potentialAction\":[{\"@type\":\"SearchAction\",\"target\":{\"@type\":\"EntryPoint\",\"urlTemplate\":\"https:\/\/on-a-wall.com\/?s={search_term_string}\"},\"query-input\":{\"@type\":\"PropertyValueSpecification\",\"valueRequired\":true,\"valueName\":\"search_term_string\"}}],\"inLanguage\":\"de\"}]}<\/script>\n<!-- \/ Yoast SEO plugin. -->","yoast_head_json":{"title":"Zegar model nr 7 - On A Wall - Na \u015acian\u0119","robots":{"index":"index","follow":"follow","max-snippet":"max-snippet:-1","max-image-preview":"max-image-preview:large","max-video-preview":"max-video-preview:-1"},"canonical":"https:\/\/on-a-wall.com\/de\/produkt\/zegar-model-nr-7\/","og_locale":"de_DE","og_type":"article","og_title":"Zegar model nr 7 - On A Wall - Na \u015acian\u0119","og_description":"Zegary wykonane z niet\u0142uk\u0105cego akrylu lustrzanego (z\u0142oty, srebrny) lub czarny (pleksi b\u0142yszcz\u0105ce). Jest znacznie l\u017cejsze w por\u00f3wnaniu do klasycznego lustra.","og_url":"https:\/\/on-a-wall.com\/de\/produkt\/zegar-model-nr-7\/","og_site_name":"On A Wall - Na \u015acian\u0119","article_modified_time":"2023-06-05T11:19:44+00:00","og_image":[{"width":2560,"height":1732,"url":"https:\/\/on-a-wall.com\/wp-content\/uploads\/2023\/03\/DSC_5044-kopia-1-scaled.jpg","type":"image\/jpeg"}],"twitter_card":"summary_large_image","twitter_misc":{"Gesch\u00e4tzte Lesezeit":"1\u00a0Minute"},"schema":{"@context":"https:\/\/schema.org","@graph":[{"@type":"WebPage","@id":"https:\/\/on-a-wall.com\/produkt\/zegar-model-nr-7\/","url":"https:\/\/on-a-wall.com\/produkt\/zegar-model-nr-7\/","name":"Zegar model nr 7 - On A Wall - Na \u015acian\u0119","isPartOf":{"@id":"https:\/\/on-a-wall.com\/#website"},"primaryImageOfPage":{"@id":"https:\/\/on-a-wall.com\/produkt\/zegar-model-nr-7\/#primaryimage"},"image":{"@id":"https:\/\/on-a-wall.com\/produkt\/zegar-model-nr-7\/#primaryimage"},"thumbnailUrl":"https:\/\/on-a-wall.com\/wp-content\/uploads\/2023\/03\/DSC_5044-kopia-1-scaled.jpg","datePublished":"2023-04-20T09:46:07+00:00","dateModified":"2023-06-05T11:19:44+00:00","breadcrumb":{"@id":"https:\/\/on-a-wall.com\/produkt\/zegar-model-nr-7\/#breadcrumb"},"inLanguage":"de","potentialAction":[{"@type":"ReadAction","target":["https:\/\/on-a-wall.com\/produkt\/zegar-model-nr-7\/"]}]},{"@type":"ImageObject","inLanguage":"de","@id":"https:\/\/on-a-wall.com\/produkt\/zegar-model-nr-7\/#primaryimage","url":"https:\/\/on-a-wall.com\/wp-content\/uploads\/2023\/03\/DSC_5044-kopia-1-scaled.jpg","contentUrl":"https:\/\/on-a-wall.com\/wp-content\/uploads\/2023\/03\/DSC_5044-kopia-1-scaled.jpg","width":2560,"height":1732},{"@type":"BreadcrumbList","@id":"https:\/\/on-a-wall.com\/produkt\/zegar-model-nr-7\/#breadcrumb","itemListElement":[{"@type":"ListItem","position":1,"name":"Strona g\u0142\u00f3wna","item":"https:\/\/on-a-wall.com\/"},{"@type":"ListItem","position":2,"name":"Sklep","item":"https:\/\/on-a-wall.com\/sklep\/"},{"@type":"ListItem","position":3,"name":"Zegar model nr 7"}]},{"@type":"WebSite","@id":"https:\/\/on-a-wall.com\/#website","url":"https:\/\/on-a-wall.com\/","name":"On A Wall - Na \u015acian\u0119","description":"","potentialAction":[{"@type":"SearchAction","target":{"@type":"EntryPoint","urlTemplate":"https:\/\/on-a-wall.com\/?s={search_term_string}"},"query-input":{"@type":"PropertyValueSpecification","valueRequired":true,"valueName":"search_term_string"}}],"inLanguage":"de"}]}},"_links":{"self":[{"href":"https:\/\/on-a-wall.com\/de\/wp-json\/wp\/v2\/product\/7524","targetHints":{"allow":["GET"]}}],"collection":[{"href":"https:\/\/on-a-wall.com\/de\/wp-json\/wp\/v2\/product"}],"about":[{"href":"https:\/\/on-a-wall.com\/de\/wp-json\/wp\/v2\/types\/product"}],"wp:featuredmedia":[{"embeddable":true,"href":"https:\/\/on-a-wall.com\/de\/wp-json\/wp\/v2\/media\/7472"}],"wp:attachment":[{"href":"https:\/\/on-a-wall.com\/de\/wp-json\/wp\/v2\/media?parent=7524"}],"wp:term":[{"taxonomy":"product_brand","embeddable":true,"href":"https:\/\/on-a-wall.com\/de\/wp-json\/wp\/v2\/product_brand?post=7524"},{"taxonomy":"product_cat","embeddable":true,"href":"https:\/\/on-a-wall.com\/de\/wp-json\/wp\/v2\/product_cat?post=7524"},{"taxonomy":"product_tag","embeddable":true,"href":"https:\/\/on-a-wall.com\/de\/wp-json\/wp\/v2\/product_tag?post=7524"}],"curies":[{"name":"wp","href":"https:\/\/api.w.org\/{rel}","templated":true}]}}