{"id":7450,"date":"2023-04-14T11:34:09","date_gmt":"2023-04-14T09:34:09","guid":{"rendered":"https:\/\/on-a-wall.com\/?page_id=7450"},"modified":"2023-04-14T11:34:09","modified_gmt":"2023-04-14T09:34:09","slug":"reklamacje","status":"publish","type":"page","link":"https:\/\/on-a-wall.com\/de\/reklamacje\/","title":{"rendered":"Beschwerden"},"content":{"rendered":"<p style=\"text-align: center;\"><span style=\"font-size: 24pt;\"><strong>Beschwerden<\/strong><\/span><\/p>\n<p style=\"text-align: center;\"><strong>Jako konsument masz mo\u017cliwo\u015b\u0107 z\u0142o\u017cenia reklamacji z tytu\u0142u<br \/>\nniezgodno\u015bci produktu z umow\u0105.<\/strong><\/p>\n<p>&nbsp;<\/p>\n<p><strong>Jak zg\u0142osi\u0107 reklamacj\u0119 z tytu\u0142u niezgodno\u015bci produktu z umow\u0105?<\/strong><\/p>\n<p>W przypadku niezgodno\u015bci produktu z zawart\u0105 umow\u0105, jako konsument masz prawo do z\u0142o\u017cenia reklamacji w oparciu o przepisy Ustawy o prawach konsumenta z dnia 30 maja 2014 r.<\/p>\n<p>Forma z\u0142o\u017cenia reklamacji jest dowolna, niemniej warto to zrobi\u0107 pisemnie.<\/p>\n<p>Dla usprawnienia procedury reklamacyjnej Sprzedawca udost\u0119pnia:<\/p>\n<ol>\n<li>adres e-mail: <strong>sklep@on-a-wall.com<\/strong>, na kt\u00f3ry mo\u017cesz wys\u0142a\u0107 reklamacj\u0119;<\/li>\n<li>adres Sprzedawcy:<strong> Fimoart Iwona B\u0119benek,<\/strong> <strong>ul. D\u0142uga 8, 32-050 Borek Szlachecki<\/strong><strong>;<\/strong><\/li>\n<li>telefon kontaktowy: <strong>794\u00a0491 978;<\/strong><\/li>\n<\/ol>\n<p>Je\u015bli w ramach reklamacji odsy\u0142asz produkt do Sprzedawcy, odpowiednio zabezpiecz go przed uszkodzeniami w czasie transportu. Do paczki w\u0142\u00f3\u017c egzemplarz reklamacji oraz dow\u00f3d zakupu.<\/p>\n<p><strong>\u00a0<\/strong><\/p>\n<p><strong>Informacje dodatkowe:<\/strong><\/p>\n<p>Twoje prawo do z\u0142o\u017cenia reklamacji z tytu\u0142u niezgodno\u015bci produktu z umow\u0105 zosta\u0142o szczeg\u00f3\u0142owo opisane w \u00a79 Regulaminu sklepu.<\/p>\n<p>Pami\u0119taj, \u017ce nie przyjmujemy przesy\u0142ek za pobraniem.<\/p>\n<p><strong>Na mapie lub tarczy zegara mog\u0105 by\u0107 widoczne minimalne ryski, co jest naturaln\u0105 cech\u0105 tworzywa, z kt\u00f3rego s\u0105 produkowane w\/w produkty i nie nale\u017cy ich traktowa\u0107 jako brak zgodno\u015bci towaru z umow\u0105. <\/strong><\/p>\n<p>&nbsp;<\/p>\n<p><a href=\"https:\/\/on-a-wall.com\/wp-content\/uploads\/2023\/04\/Formularz-reklamacji_wzor-2023_naprawa_wymiana.docx\" target=\"_blank\" rel=\"noopener\">[Wz\u00f3r formularza reklamacji_2023_naprawa\/wymiana]<\/a><\/p>\n<p><a href=\"https:\/\/on-a-wall.com\/wp-content\/uploads\/2023\/04\/Formularz-reklamacji_wzor-2023_obnizenie-ceny_odstapienie-od-umowy-bez-naprawy_wymiany.docx\" target=\"_blank\" rel=\"noopener\">[Wz\u00f3r formularza reklamacji_2023_obni\u017cenie ceny lub odst\u0105pienie od umowy bez naprawy\/wymiany]<\/a><\/p>\n<p><a href=\"https:\/\/on-a-wall.com\/wp-content\/uploads\/2023\/04\/Formularz-reklamacji_wzor-2023_odstapienie-od-umowy_po-naprawie_wymianie.docx\" target=\"_blank\" rel=\"noopener\">[Wz\u00f3r formularza reklamacji_2023_odst\u0105pienie od umowy po naprawie\/wymianie]<\/a><\/p>\n<p><a href=\"https:\/\/on-a-wall.com\/wp-content\/uploads\/2023\/04\/Formularz-reklamacji_wzor_2023_obnizenie-ceny-po-naprawie_wymianie.docx\" target=\"_blank\" rel=\"noopener\">[Wz\u00f3r formularza reklamacji_2023_obni\u017cenie ceny po naprawie\/wymiana]<\/a><\/p>","protected":false},"excerpt":{"rendered":"<p>Reklamacje Jako konsument masz mo\u017cliwo\u015b\u0107 z\u0142o\u017cenia reklamacji z tytu\u0142u niezgodno\u015bci produktu z umow\u0105. &nbsp; Jak zg\u0142osi\u0107 reklamacj\u0119 z tytu\u0142u niezgodno\u015bci<\/p>","protected":false},"author":1,"featured_media":0,"parent":0,"menu_order":0,"comment_status":"closed","ping_status":"closed","template":"","meta":{"_acf_changed":false,"footnotes":""},"class_list":["post-7450","page","type-page","status-publish","hentry"],"acf":[],"yoast_head":"<!-- This site is optimized with the Yoast SEO plugin v26.8 - https:\/\/yoast.com\/product\/yoast-seo-wordpress\/ -->\n<title>Reklamacje - On A Wall - Na \u015acian\u0119<\/title>\n<meta name=\"robots\" content=\"index, follow, max-snippet:-1, max-image-preview:large, max-video-preview:-1\" \/>\n<link rel=\"canonical\" href=\"https:\/\/on-a-wall.com\/de\/reklamacje\/\" \/>\n<meta property=\"og:locale\" content=\"de_DE\" \/>\n<meta property=\"og:type\" content=\"article\" \/>\n<meta property=\"og:title\" content=\"Reklamacje - On A Wall - Na \u015acian\u0119\" \/>\n<meta property=\"og:description\" content=\"Reklamacje Jako konsument masz mo\u017cliwo\u015b\u0107 z\u0142o\u017cenia reklamacji z tytu\u0142u niezgodno\u015bci produktu z umow\u0105. &nbsp; Jak zg\u0142osi\u0107 reklamacj\u0119 z tytu\u0142u niezgodno\u015bci\" \/>\n<meta property=\"og:url\" content=\"https:\/\/on-a-wall.com\/de\/reklamacje\/\" \/>\n<meta property=\"og:site_name\" content=\"On A Wall - Na \u015acian\u0119\" \/>\n<meta name=\"twitter:card\" content=\"summary_large_image\" \/>\n<meta name=\"twitter:label1\" content=\"Gesch\u00e4tzte Lesezeit\" \/>\n\t<meta name=\"twitter:data1\" content=\"2\u00a0Minuten\" \/>\n<script type=\"application\/ld+json\" class=\"yoast-schema-graph\">{\"@context\":\"https:\/\/schema.org\",\"@graph\":[{\"@type\":\"WebPage\",\"@id\":\"https:\/\/on-a-wall.com\/reklamacje\/\",\"url\":\"https:\/\/on-a-wall.com\/reklamacje\/\",\"name\":\"Reklamacje - On A Wall - Na \u015acian\u0119\",\"isPartOf\":{\"@id\":\"https:\/\/on-a-wall.com\/#website\"},\"datePublished\":\"2023-04-14T09:34:09+00:00\",\"breadcrumb\":{\"@id\":\"https:\/\/on-a-wall.com\/reklamacje\/#breadcrumb\"},\"inLanguage\":\"de\",\"potentialAction\":[{\"@type\":\"ReadAction\",\"target\":[\"https:\/\/on-a-wall.com\/reklamacje\/\"]}]},{\"@type\":\"BreadcrumbList\",\"@id\":\"https:\/\/on-a-wall.com\/reklamacje\/#breadcrumb\",\"itemListElement\":[{\"@type\":\"ListItem\",\"position\":1,\"name\":\"Strona g\u0142\u00f3wna\",\"item\":\"https:\/\/on-a-wall.com\/\"},{\"@type\":\"ListItem\",\"position\":2,\"name\":\"Reklamacje\"}]},{\"@type\":\"WebSite\",\"@id\":\"https:\/\/on-a-wall.com\/#website\",\"url\":\"https:\/\/on-a-wall.com\/\",\"name\":\"On A Wall - Na \u015acian\u0119\",\"description\":\"\",\"potentialAction\":[{\"@type\":\"SearchAction\",\"target\":{\"@type\":\"EntryPoint\",\"urlTemplate\":\"https:\/\/on-a-wall.com\/?s={search_term_string}\"},\"query-input\":{\"@type\":\"PropertyValueSpecification\",\"valueRequired\":true,\"valueName\":\"search_term_string\"}}],\"inLanguage\":\"de\"}]}<\/script>\n<!-- \/ Yoast SEO plugin. -->","yoast_head_json":{"title":"Reklamacje - On A Wall - Na \u015acian\u0119","robots":{"index":"index","follow":"follow","max-snippet":"max-snippet:-1","max-image-preview":"max-image-preview:large","max-video-preview":"max-video-preview:-1"},"canonical":"https:\/\/on-a-wall.com\/de\/reklamacje\/","og_locale":"de_DE","og_type":"article","og_title":"Reklamacje - On A Wall - Na \u015acian\u0119","og_description":"Reklamacje Jako konsument masz mo\u017cliwo\u015b\u0107 z\u0142o\u017cenia reklamacji z tytu\u0142u niezgodno\u015bci produktu z umow\u0105. &nbsp; Jak zg\u0142osi\u0107 reklamacj\u0119 z tytu\u0142u niezgodno\u015bci","og_url":"https:\/\/on-a-wall.com\/de\/reklamacje\/","og_site_name":"On A Wall - Na \u015acian\u0119","twitter_card":"summary_large_image","twitter_misc":{"Gesch\u00e4tzte Lesezeit":"2\u00a0Minuten"},"schema":{"@context":"https:\/\/schema.org","@graph":[{"@type":"WebPage","@id":"https:\/\/on-a-wall.com\/reklamacje\/","url":"https:\/\/on-a-wall.com\/reklamacje\/","name":"Reklamacje - On A Wall - Na \u015acian\u0119","isPartOf":{"@id":"https:\/\/on-a-wall.com\/#website"},"datePublished":"2023-04-14T09:34:09+00:00","breadcrumb":{"@id":"https:\/\/on-a-wall.com\/reklamacje\/#breadcrumb"},"inLanguage":"de","potentialAction":[{"@type":"ReadAction","target":["https:\/\/on-a-wall.com\/reklamacje\/"]}]},{"@type":"BreadcrumbList","@id":"https:\/\/on-a-wall.com\/reklamacje\/#breadcrumb","itemListElement":[{"@type":"ListItem","position":1,"name":"Strona g\u0142\u00f3wna","item":"https:\/\/on-a-wall.com\/"},{"@type":"ListItem","position":2,"name":"Reklamacje"}]},{"@type":"WebSite","@id":"https:\/\/on-a-wall.com\/#website","url":"https:\/\/on-a-wall.com\/","name":"On A Wall - Na \u015acian\u0119","description":"","potentialAction":[{"@type":"SearchAction","target":{"@type":"EntryPoint","urlTemplate":"https:\/\/on-a-wall.com\/?s={search_term_string}"},"query-input":{"@type":"PropertyValueSpecification","valueRequired":true,"valueName":"search_term_string"}}],"inLanguage":"de"}]}},"_links":{"self":[{"href":"https:\/\/on-a-wall.com\/de\/wp-json\/wp\/v2\/pages\/7450","targetHints":{"allow":["GET"]}}],"collection":[{"href":"https:\/\/on-a-wall.com\/de\/wp-json\/wp\/v2\/pages"}],"about":[{"href":"https:\/\/on-a-wall.com\/de\/wp-json\/wp\/v2\/types\/page"}],"author":[{"embeddable":true,"href":"https:\/\/on-a-wall.com\/de\/wp-json\/wp\/v2\/users\/1"}],"replies":[{"embeddable":true,"href":"https:\/\/on-a-wall.com\/de\/wp-json\/wp\/v2\/comments?post=7450"}],"version-history":[{"count":2,"href":"https:\/\/on-a-wall.com\/de\/wp-json\/wp\/v2\/pages\/7450\/revisions"}],"predecessor-version":[{"id":7627,"href":"https:\/\/on-a-wall.com\/de\/wp-json\/wp\/v2\/pages\/7450\/revisions\/7627"}],"wp:attachment":[{"href":"https:\/\/on-a-wall.com\/de\/wp-json\/wp\/v2\/media?parent=7450"}],"curies":[{"name":"wp","href":"https:\/\/api.w.org\/{rel}","templated":true}]}}