{"id":14,"date":"2023-04-14T11:34:33","date_gmt":"2023-04-14T09:34:33","guid":{"rendered":"https:\/\/on-a-wall.com\/?page_id=14"},"modified":"2023-04-14T11:35:14","modified_gmt":"2023-04-14T09:35:14","slug":"zwroty","status":"publish","type":"page","link":"https:\/\/on-a-wall.com\/de\/zwroty\/","title":{"rendered":"Kehrt zur\u00fcck"},"content":{"rendered":"<p style=\"text-align: center;\"><span style=\"font-size: 24pt;\"><strong>Odst\u0105pienie od umowy (Zwrot)<\/strong><\/span><\/p>\r\n<p style=\"text-align: center;\">Zgodnie z art 27. ust 1 Ustawy o prawach konsumenta (Dz. U. 2014, poz. 827) Konsument <br \/>lub Przedsi\u0119biorca na prawach konsumenta, zawieraj\u0105c \u201eumow\u0119 na odleg\u0142o\u015b\u0107\u201d \u2013 ma prawo <br \/>odst\u0105pi\u0107 od umowy bez podania przyczyny \u2013 w terminie 14 dni kalendarzowych od daty obj\u0119cia w posiadanie Produktu.<\/p>\r\n<p style=\"text-align: center;\">\u00a0<\/p>\r\n<p><strong>Jak dokona\u0107 zwrotu zakupionego produktu?<\/strong><\/p>\r\n<p>Aby dokona\u0107 zwrotu zakupionego produktu i otrzyma\u0107 zwrot zap\u0142aconej kwoty, poinformuj Sprzedawc\u0119 o swojej decyzji sk\u0142adaj\u0105c o\u015bwiadczenie o odst\u0105pieniu od umowy.\u00a0 Masz na to 14 dni kalendarzowych od daty otrzymania przesy\u0142ki.<\/p>\r\n<p><strong>W jaki spos\u00f3b poinformowa\u0107 Sprzedawc\u0119 o zwrocie?<\/strong><\/p>\r\n<p>Forma z\u0142o\u017cenia o\u015bwiadczenia mo\u017ce by\u0107 dowolna, ale najlepiej uczyni\u0107 to na pi\u015bmie. Poni\u017cej przedstawiamy dwie przyk\u0142adowe mo\u017cliwo\u015bci poinformowania Sprzedawcy o zwrocie:<\/p>\r\n<ol>\r\n<li>o\u015bwiadczenie o odst\u0105pieniu od umowy mo\u017cesz przes\u0142a\u0107 na adres e-mail Sprzedawcy: <strong>sklep@on-a-wall.com. <\/strong>Sprzedawca potwierdzi otrzymanie Twojego o\u015bwiadczenia. Od tego momentu masz 14 dni kalendarzowych na odes\u0142anie Produktu, kt\u00f3rego dotyczy o\u015bwiadczenie o odst\u0105pieniu od umowy.<\/li>\r\n<li>o\u015bwiadczenie o odst\u0105pieniu od umowy wraz z Produktem oraz dowodem zakupu mo\u017cesz odes\u0142a\u0107 na adres Sprzedawcy: <strong>Fimoart Iwona B\u0119benek,<\/strong> <strong>ul. D\u0142uga 8, 32-050 Borek Szlachecki<\/strong>.<\/li>\r\n<\/ol>\r\n<p><strong>\u00a0<\/strong><\/p>\r\n<p><strong>Informacje dodatkowe:<\/strong><\/p>\r\n<p>Twoje prawo do odst\u0105pienia od umowy zosta\u0142o szczeg\u00f3\u0142owo opisane w \u00a710 Regulaminu sklepu.<\/p>\r\n<p>Odsy\u0142ane Produkty odpowiednio zabezpiecz przed uszkodzeniami w czasie transportu. <br \/>Do paczki w\u0142\u00f3\u017c egzemplarz\u00a0 o\u015bwiadczenia o odst\u0105pieniu\u00a0 od umowy oraz dow\u00f3d zakupu.<\/p>\r\n<p>Odpowiadasz za zmniejszenie warto\u015bci Produktu wynikaj\u0105ce z korzystania z niego w spos\u00f3b inny ni\u017c by\u0142o to konieczne do stwierdzenia charakteru, cech i funkcjonowania Produktu.<\/p>\r\n<p>Pami\u0119taj, \u017ce nie przyjmujemy przesy\u0142ek za pobraniem.<\/p>\r\n<p>Zwrotu dokonujesz na w\u0142asny koszt.<\/p>\r\n<p>Zgodnie z art. 38 ust 1 Ustawy o prawach konsumenta (DZ.U. 2014 poz. 827) prawo odst\u0105pienia od umowy zawartej na odleg\u0142o\u015b\u0107 nie przys\u0142uguje konsumentowi w odniesieniu do um\u00f3w:<\/p>\r\n<ul>\r\n<li>w kt\u00f3rej przedmiotem \u015bwiadczenia jest Produkt nieprefabrykowany, wyprodukowany wed\u0142ug specyfikacji Konsumenta lub s\u0142u\u017c\u0105cy zaspokojeniu jego zindywidualizowanych potrzeb,<\/li>\r\n<\/ul>\r\n<p>&nbsp;<\/p>\r\n<ul>\r\n<li>\u015bwiadczenie us\u0142ug, za kt\u00f3re Konsument jest zobowi\u0105zany do zap\u0142aty ceny, je\u017celi przedsi\u0119biorca wykona\u0142 w pe\u0142ni us\u0142ug\u0119 za wyra\u017an\u0105 i uprzedni\u0105 zgod\u0105 Konsumenta, kt\u00f3ry zosta\u0142 poinformowany przed rozpocz\u0119ciem \u015bwiadczenia, \u017ce po spe\u0142nieniu \u015bwiadczenia przez przedsi\u0119biorc\u0119 utraci prawo odst\u0105pienia od umowy, i przyj\u0105\u0142 to do wiadomo\u015bci,<\/li>\r\n<\/ul>\r\n<p>&nbsp;<\/p>\r\n<ul>\r\n<li>w kt\u00f3rej przedmiotem \u015bwiadczenia s\u0105 Produkty, kt\u00f3re po dostarczeniu, ze wzgl\u0119du na sw\u00f3j charakter, zostaj\u0105 nieroz\u0142\u0105cznie po\u0142\u0105czone z innymi rzeczami,<\/li>\r\n<\/ul>\r\n<p>&nbsp;<\/p>\r\n<ul>\r\n<li>w\u00a0kt\u00f3rej przedmiotem \u015bwiadczenia jest Produkt dostarczany w zapiecz\u0119towanym opakowaniu, kt\u00f3rego po otwarciu opakowania nie mo\u017cna zwr\u00f3ci\u0107 ze wzgl\u0119du na ochron\u0119 zdrowia lub ze wzgl\u0119d\u00f3w higienicznych, je\u017celi opakowanie zosta\u0142o otwarte po dostarczeniu.<\/li>\r\n<\/ul>\r\n<p>Produktami wyprodukowanymi wed\u0142ug specyfikacji konsumenta s\u0105 wszystkie produkty w sklepie https:\/\/on-a-wall.com, dla kt\u00f3rych podczas sk\u0142adania zam\u00f3wienia konsument okre\u015bla:<\/p>\r\n<p>\u00a0\u00a0\u00a0\u00a0\u00a0\u00a0\u00a0\u00a0\u00a0\u00a0\u00a0 1.1 kolor,<\/p>\r\n<p>\u00a0\u00a0\u00a0\u00a0\u00a0\u00a0\u00a0\u00a0\u00a0\u00a0\u00a0 1.2 rozmiar,<\/p>\r\n<p>\u00a0\u00a0\u00a0\u00a0\u00a0\u00a0\u00a0\u00a0\u00a0\u00a0\u00a0 1.3 kszta\u0142t,<\/p>\r\n<p>\u00a0\u00a0\u00a0\u00a0\u00a0\u00a0\u00a0\u00a0\u00a0\u00a0\u00a0 1.4 miejscowo\u015b\u0107.<\/p>\r\n<p>&nbsp;<\/p>\r\n<p><a href=\"https:\/\/on-a-wall.com\/wp-content\/uploads\/2023\/04\/Formularz-odstapienia-od-umowy_wzor-2023.pdf\" target=\"_blank\" rel=\"noopener\">[Wz\u00f3r o\u015bwiadczenia o odst\u0105pieniu od umowy]<\/a><\/p>","protected":false},"excerpt":{"rendered":"<p>Odst\u0105pienie od umowy (Zwrot) Zgodnie z art 27. ust 1 Ustawy o prawach konsumenta (Dz. U. 2014, poz. 827) Konsument<\/p>","protected":false},"author":1,"featured_media":0,"parent":0,"menu_order":0,"comment_status":"closed","ping_status":"closed","template":"","meta":{"_acf_changed":false,"footnotes":""},"class_list":["post-14","page","type-page","status-publish","hentry"],"acf":[],"yoast_head":"<!-- This site is optimized with the Yoast SEO plugin v26.8 - https:\/\/yoast.com\/product\/yoast-seo-wordpress\/ -->\n<title>Zwroty - On A Wall - Na \u015acian\u0119<\/title>\n<meta name=\"robots\" content=\"index, follow, max-snippet:-1, max-image-preview:large, max-video-preview:-1\" \/>\n<link rel=\"canonical\" href=\"https:\/\/on-a-wall.com\/de\/zwroty\/\" \/>\n<meta property=\"og:locale\" content=\"de_DE\" \/>\n<meta property=\"og:type\" content=\"article\" \/>\n<meta property=\"og:title\" content=\"Zwroty - On A Wall - Na \u015acian\u0119\" \/>\n<meta property=\"og:description\" content=\"Odst\u0105pienie od umowy (Zwrot) Zgodnie z art 27. ust 1 Ustawy o prawach konsumenta (Dz. U. 2014, poz. 827) Konsument\" \/>\n<meta property=\"og:url\" content=\"https:\/\/on-a-wall.com\/de\/zwroty\/\" \/>\n<meta property=\"og:site_name\" content=\"On A Wall - Na \u015acian\u0119\" \/>\n<meta property=\"article:modified_time\" content=\"2023-04-14T09:35:14+00:00\" \/>\n<meta name=\"twitter:card\" content=\"summary_large_image\" \/>\n<meta name=\"twitter:label1\" content=\"Gesch\u00e4tzte Lesezeit\" \/>\n\t<meta name=\"twitter:data1\" content=\"3\u00a0Minuten\" \/>\n<script type=\"application\/ld+json\" class=\"yoast-schema-graph\">{\"@context\":\"https:\/\/schema.org\",\"@graph\":[{\"@type\":\"WebPage\",\"@id\":\"https:\/\/on-a-wall.com\/zwroty\/\",\"url\":\"https:\/\/on-a-wall.com\/zwroty\/\",\"name\":\"Zwroty - On A Wall - Na \u015acian\u0119\",\"isPartOf\":{\"@id\":\"https:\/\/on-a-wall.com\/#website\"},\"datePublished\":\"2023-04-14T09:34:33+00:00\",\"dateModified\":\"2023-04-14T09:35:14+00:00\",\"breadcrumb\":{\"@id\":\"https:\/\/on-a-wall.com\/zwroty\/#breadcrumb\"},\"inLanguage\":\"de\",\"potentialAction\":[{\"@type\":\"ReadAction\",\"target\":[\"https:\/\/on-a-wall.com\/zwroty\/\"]}]},{\"@type\":\"BreadcrumbList\",\"@id\":\"https:\/\/on-a-wall.com\/zwroty\/#breadcrumb\",\"itemListElement\":[{\"@type\":\"ListItem\",\"position\":1,\"name\":\"Strona g\u0142\u00f3wna\",\"item\":\"https:\/\/on-a-wall.com\/\"},{\"@type\":\"ListItem\",\"position\":2,\"name\":\"Zwroty\"}]},{\"@type\":\"WebSite\",\"@id\":\"https:\/\/on-a-wall.com\/#website\",\"url\":\"https:\/\/on-a-wall.com\/\",\"name\":\"On A Wall - Na \u015acian\u0119\",\"description\":\"\",\"potentialAction\":[{\"@type\":\"SearchAction\",\"target\":{\"@type\":\"EntryPoint\",\"urlTemplate\":\"https:\/\/on-a-wall.com\/?s={search_term_string}\"},\"query-input\":{\"@type\":\"PropertyValueSpecification\",\"valueRequired\":true,\"valueName\":\"search_term_string\"}}],\"inLanguage\":\"de\"}]}<\/script>\n<!-- \/ Yoast SEO plugin. -->","yoast_head_json":{"title":"Zwroty - On A Wall - Na \u015acian\u0119","robots":{"index":"index","follow":"follow","max-snippet":"max-snippet:-1","max-image-preview":"max-image-preview:large","max-video-preview":"max-video-preview:-1"},"canonical":"https:\/\/on-a-wall.com\/de\/zwroty\/","og_locale":"de_DE","og_type":"article","og_title":"Zwroty - On A Wall - Na \u015acian\u0119","og_description":"Odst\u0105pienie od umowy (Zwrot) Zgodnie z art 27. ust 1 Ustawy o prawach konsumenta (Dz. U. 2014, poz. 827) Konsument","og_url":"https:\/\/on-a-wall.com\/de\/zwroty\/","og_site_name":"On A Wall - Na \u015acian\u0119","article_modified_time":"2023-04-14T09:35:14+00:00","twitter_card":"summary_large_image","twitter_misc":{"Gesch\u00e4tzte Lesezeit":"3\u00a0Minuten"},"schema":{"@context":"https:\/\/schema.org","@graph":[{"@type":"WebPage","@id":"https:\/\/on-a-wall.com\/zwroty\/","url":"https:\/\/on-a-wall.com\/zwroty\/","name":"Zwroty - On A Wall - Na \u015acian\u0119","isPartOf":{"@id":"https:\/\/on-a-wall.com\/#website"},"datePublished":"2023-04-14T09:34:33+00:00","dateModified":"2023-04-14T09:35:14+00:00","breadcrumb":{"@id":"https:\/\/on-a-wall.com\/zwroty\/#breadcrumb"},"inLanguage":"de","potentialAction":[{"@type":"ReadAction","target":["https:\/\/on-a-wall.com\/zwroty\/"]}]},{"@type":"BreadcrumbList","@id":"https:\/\/on-a-wall.com\/zwroty\/#breadcrumb","itemListElement":[{"@type":"ListItem","position":1,"name":"Strona g\u0142\u00f3wna","item":"https:\/\/on-a-wall.com\/"},{"@type":"ListItem","position":2,"name":"Zwroty"}]},{"@type":"WebSite","@id":"https:\/\/on-a-wall.com\/#website","url":"https:\/\/on-a-wall.com\/","name":"On A Wall - Na \u015acian\u0119","description":"","potentialAction":[{"@type":"SearchAction","target":{"@type":"EntryPoint","urlTemplate":"https:\/\/on-a-wall.com\/?s={search_term_string}"},"query-input":{"@type":"PropertyValueSpecification","valueRequired":true,"valueName":"search_term_string"}}],"inLanguage":"de"}]}},"_links":{"self":[{"href":"https:\/\/on-a-wall.com\/de\/wp-json\/wp\/v2\/pages\/14","targetHints":{"allow":["GET"]}}],"collection":[{"href":"https:\/\/on-a-wall.com\/de\/wp-json\/wp\/v2\/pages"}],"about":[{"href":"https:\/\/on-a-wall.com\/de\/wp-json\/wp\/v2\/types\/page"}],"author":[{"embeddable":true,"href":"https:\/\/on-a-wall.com\/de\/wp-json\/wp\/v2\/users\/1"}],"replies":[{"embeddable":true,"href":"https:\/\/on-a-wall.com\/de\/wp-json\/wp\/v2\/comments?post=14"}],"version-history":[{"count":3,"href":"https:\/\/on-a-wall.com\/de\/wp-json\/wp\/v2\/pages\/14\/revisions"}],"predecessor-version":[{"id":7458,"href":"https:\/\/on-a-wall.com\/de\/wp-json\/wp\/v2\/pages\/14\/revisions\/7458"}],"wp:attachment":[{"href":"https:\/\/on-a-wall.com\/de\/wp-json\/wp\/v2\/media?parent=14"}],"curies":[{"name":"wp","href":"https:\/\/api.w.org\/{rel}","templated":true}]}}